{"id":33,"date":"2025-05-15T09:53:17","date_gmt":"2025-05-15T09:53:17","guid":{"rendered":"https:\/\/minnaro.vamtam.com\/?page_id=33"},"modified":"2025-10-08T14:39:15","modified_gmt":"2025-10-08T11:39:15","slug":"bize-ulasin","status":"publish","type":"page","link":"https:\/\/alturk.com\/tr\/bize-ulasin\/","title":{"rendered":"Bize Ula\u015f\u0131n"},"content":{"rendered":"\t\t<div data-elementor-type=\"wp-page\" data-elementor-id=\"33\" class=\"elementor elementor-33\" data-elementor-post-type=\"page\">\n\t\t\t\t<div class=\"elementor-element elementor-element-d5d3465 e-flex e-con-boxed e-con e-parent\" data-id=\"d5d3465\" data-element_type=\"container\" data-e-type=\"container\">\n\t\t\t\t\t<div class=\"e-con-inner\">\n\t\t<div class=\"elementor-element elementor-element-00fdf6b e-con-full e-flex e-con e-child\" data-id=\"00fdf6b\" data-element_type=\"container\" data-e-type=\"container\">\n\t\t\t\t<div class=\"elementor-element elementor-element-f355d30 elementor-invisible animated-fast elementor-hidden-desktop elementor-hidden-tablet elementor-hidden-mobile elementor-widget elementor-widget-theme-post-title elementor-page-title elementor-widget-heading\" data-id=\"f355d30\" data-element_type=\"widget\" data-e-type=\"widget\" data-settings=\"{&quot;_animation&quot;:&quot;slideInUp&quot;,&quot;_animation_delay&quot;:100}\" data-widget_type=\"theme-post-title.default\">\n\t\t\t\t\t<div class=\"elementor-heading-title elementor-size-default\">Bize Ula\u015f\u0131n<\/div>\t\t\t\t<\/div>\n\t\t\t\t<div class=\"elementor-element elementor-element-1a7de87 elementor-invisible animated-fast elementor-widget elementor-widget-heading\" data-id=\"1a7de87\" data-element_type=\"widget\" data-e-type=\"widget\" data-settings=\"{&quot;_animation&quot;:&quot;slideInUp&quot;,&quot;_animation_delay&quot;:100}\" data-widget_type=\"heading.default\">\n\t\t\t\t\t<h1 class=\"elementor-heading-title elementor-size-default\">\u0130leti\u015fime ge\u00e7in<\/h1>\t\t\t\t<\/div>\n\t\t\t\t<div class=\"elementor-element elementor-element-a815937 elementor-widget__width-initial elementor-widget-tablet__width-inherit elementor-widget elementor-widget-text-editor\" data-id=\"a815937\" data-element_type=\"widget\" data-e-type=\"widget\" data-widget_type=\"text-editor.default\">\n\t\t\t\t\t\t\t\t\t<p><span style=\"font-weight: 400;\">Projelerinizde birlikte yol almak i\u00e7in bizimle ileti\u015fime ge\u00e7in. <\/span><span style=\"font-weight: 400;\">Sorular\u0131n\u0131z, i\u015f birlikleriniz veya projeleriniz hakk\u0131nda bilgi almak i\u00e7in her zaman buraday\u0131z.<\/span><\/p>\t\t\t\t\t\t\t\t<\/div>\n\t\t\t\t<div class=\"elementor-element elementor-element-404e7bd elementor-widget elementor-widget-spacer\" data-id=\"404e7bd\" data-element_type=\"widget\" data-e-type=\"widget\" data-widget_type=\"spacer.default\">\n\t\t\t\t\t\t\t<div class=\"elementor-spacer\">\n\t\t\t<div class=\"elementor-spacer-inner\"><\/div>\n\t\t<\/div>\n\t\t\t\t\t\t<\/div>\n\t\t<div class=\"elementor-element elementor-element-d720e06 e-con-full e-flex e-con e-child\" data-id=\"d720e06\" data-element_type=\"container\" data-e-type=\"container\">\n\t\t\t\t<div class=\"elementor-element elementor-element-e4e11c5 elementor-widget elementor-widget-heading\" data-id=\"e4e11c5\" data-element_type=\"widget\" data-e-type=\"widget\" data-widget_type=\"heading.default\">\n\t\t\t\t\t<h6 class=\"elementor-heading-title elementor-size-default\">\u0130leiti\u015fim Bilgilerimiz<\/h6>\t\t\t\t<\/div>\n\t\t\t\t<div class=\"vamtam-has-theme-widget-styles elementor-element elementor-element-ba0ea53 elementor-invisible animated-fast vamtam-has-underline-anim elementor-widget elementor-widget-button\" data-id=\"ba0ea53\" data-element_type=\"widget\" data-e-type=\"widget\" data-settings=\"{&quot;_animation&quot;:&quot;slideInUp&quot;,&quot;_animation_delay&quot;:100}\" data-widget_type=\"button.default\">\n\t\t\t\t\t\t\t\t\t\t<a class=\"elementor-button elementor-button-link elementor-size-sm\" href=\"mailto:%20info@alturk.com?subject=Hello\">\n\t\t\t\t\t\t<span class=\"elementor-button-content-wrapper\">\n\t\t\t\t\t\t\t\t\t<span class=\"elementor-button-text\"> info@alturk.com<\/span>\n\t\t\t\t\t<\/span>\n\t\t\t\t\t<\/a>\n\t\t\t\t\t\t\t\t<\/div>\n\t\t\t\t<div class=\"vamtam-has-theme-widget-styles elementor-element elementor-element-cee018f elementor-invisible animated-fast vamtam-has-underline-anim elementor-widget elementor-widget-button\" data-id=\"cee018f\" data-element_type=\"widget\" data-e-type=\"widget\" data-settings=\"{&quot;_animation&quot;:&quot;slideInUp&quot;,&quot;_animation_delay&quot;:100}\" data-widget_type=\"button.default\">\n\t\t\t\t\t\t\t\t\t\t<a class=\"elementor-button elementor-button-link elementor-size-sm\" href=\"tel:902163462246\">\n\t\t\t\t\t\t<span class=\"elementor-button-content-wrapper\">\n\t\t\t\t\t\t\t\t\t<span class=\"elementor-button-text\">+90 216 346 22 46<\/span>\n\t\t\t\t\t<\/span>\n\t\t\t\t\t<\/a>\n\t\t\t\t\t\t\t\t<\/div>\n\t\t\t\t<div class=\"elementor-element elementor-element-b62b860 elementor-widget elementor-widget-spacer\" data-id=\"b62b860\" data-element_type=\"widget\" data-e-type=\"widget\" data-widget_type=\"spacer.default\">\n\t\t\t\t\t\t\t<div class=\"elementor-spacer\">\n\t\t\t<div class=\"elementor-spacer-inner\"><\/div>\n\t\t<\/div>\n\t\t\t\t\t\t<\/div>\n\t\t\t\t<div class=\"elementor-element elementor-element-4a5dd75 elementor-widget elementor-widget-heading\" data-id=\"4a5dd75\" data-element_type=\"widget\" data-e-type=\"widget\" data-widget_type=\"heading.default\">\n\t\t\t\t\t<h6 class=\"elementor-heading-title elementor-size-default\">Ofis<\/h6>\t\t\t\t<\/div>\n\t\t\t\t<div class=\"elementor-element elementor-element-9ce631e elementor-widget__width-initial elementor-widget elementor-widget-heading\" data-id=\"9ce631e\" data-element_type=\"widget\" data-e-type=\"widget\" data-widget_type=\"heading.default\">\n\t\t\t\t\t<div class=\"elementor-heading-title elementor-size-default\"><a href=\"https:\/\/maps.app.goo.gl\/tRx7vWz3XbjqPuFdA\" target=\"_blank\">\u0130stanbul, Fenerbah\u00e7e, Itridede Sokak, No:1\/6 Kad\u0131k\u00f6y<\/a><\/div>\t\t\t\t<\/div>\n\t\t\t\t<\/div>\n\t\t\t\t<div class=\"elementor-element elementor-element-cf01ffa elementor-widget elementor-widget-heading\" data-id=\"cf01ffa\" data-element_type=\"widget\" data-e-type=\"widget\" data-widget_type=\"heading.default\">\n\t\t\t\t\t<h6 class=\"elementor-heading-title elementor-size-default\">Showroom<\/h6>\t\t\t\t<\/div>\n\t\t\t\t<div class=\"elementor-element elementor-element-0590eed elementor-widget__width-initial elementor-widget elementor-widget-heading\" data-id=\"0590eed\" data-element_type=\"widget\" data-e-type=\"widget\" data-widget_type=\"heading.default\">\n\t\t\t\t\t<div class=\"elementor-heading-title elementor-size-default\"><a href=\"https:\/\/maps.app.goo.gl\/faTKRsAPi9ozNxqy8\" target=\"_blank\">\u0130stanbul, Ferhatpa\u015fa, 37. Sokak, No:29, 34888 Ata\u015fehir<\/a><\/div>\t\t\t\t<\/div>\n\t\t\t\t<\/div>\n\t\t<div class=\"elementor-element elementor-element-e6ef2de e-con-full e-flex e-con e-child\" data-id=\"e6ef2de\" data-element_type=\"container\" data-e-type=\"container\" data-settings=\"{&quot;background_background&quot;:&quot;classic&quot;}\">\n\t\t<div class=\"elementor-element elementor-element-a68f96d e-con-full e-flex e-con e-child\" data-id=\"a68f96d\" data-element_type=\"container\" data-e-type=\"container\" data-settings=\"{&quot;background_background&quot;:&quot;classic&quot;}\">\n\t\t<div class=\"elementor-element elementor-element-e0f5baf e-con-full e-flex e-con e-child\" data-id=\"e0f5baf\" data-element_type=\"container\" data-e-type=\"container\">\n\t\t<div class=\"elementor-element elementor-element-d4d4f52 e-con-full e-flex e-con e-child\" data-id=\"d4d4f52\" data-element_type=\"container\" data-e-type=\"container\">\n\t\t\t\t<\/div>\n\t\t\t\t<\/div>\n\t\t<div class=\"elementor-element elementor-element-c8686bf e-con-full e-flex e-con e-child\" data-id=\"c8686bf\" data-element_type=\"container\" data-e-type=\"container\">\n\t\t<div class=\"elementor-element elementor-element-b228add e-con-full blur-background e-flex e-con e-child\" data-id=\"b228add\" data-element_type=\"container\" data-e-type=\"container\">\n\t\t<div class=\"elementor-element elementor-element-9143c50 e-con-full e-flex e-con e-child\" data-id=\"9143c50\" data-element_type=\"container\" data-e-type=\"container\">\n\t\t\t\t<div class=\"elementor-element elementor-element-4e9724f elementor-invisible elementor-widget__width-inherit animated-fast elementor-widget elementor-widget-heading\" data-id=\"4e9724f\" data-element_type=\"widget\" data-e-type=\"widget\" data-settings=\"{&quot;_animation&quot;:&quot;slideInUp&quot;,&quot;_animation_delay&quot;:50}\" data-widget_type=\"heading.default\">\n\t\t\t\t\t<h5 class=\"elementor-heading-title elementor-size-default\">\u0130leti\u015fim formunu doldurarak bize mesaj\u0131n\u0131z\u0131 iletebilirsiniz.<\/h5>\t\t\t\t<\/div>\n\t\t\t\t<div class=\"elementor-element elementor-element-0624575 elementor-widget elementor-widget-spacer\" data-id=\"0624575\" data-element_type=\"widget\" data-e-type=\"widget\" data-widget_type=\"spacer.default\">\n\t\t\t\t\t\t\t<div class=\"elementor-spacer\">\n\t\t\t<div class=\"elementor-spacer-inner\"><\/div>\n\t\t<\/div>\n\t\t\t\t\t\t<\/div>\n\t\t\t\t<div class=\"vamtam-has-theme-widget-styles elementor-element elementor-element-c51f7da elementor-button-align-start vamtam-has-underline-anim elementor-widget elementor-widget-form\" data-id=\"c51f7da\" data-element_type=\"widget\" data-e-type=\"widget\" data-settings=\"{&quot;step_next_label&quot;:&quot;Next&quot;,&quot;step_previous_label&quot;:&quot;Previous&quot;,&quot;button_width&quot;:&quot;100&quot;,&quot;step_type&quot;:&quot;number_text&quot;,&quot;step_icon_shape&quot;:&quot;circle&quot;}\" data-widget_type=\"form.default\">\n\t\t\t\t\t\t\t<form class=\"elementor-form\" method=\"post\" name=\"Contact Form\" aria-label=\"Contact Form\">\n\t\t\t<input type=\"hidden\" name=\"post_id\" value=\"33\"\/>\n\t\t\t<input type=\"hidden\" name=\"form_id\" value=\"c51f7da\"\/>\n\t\t\t<input type=\"hidden\" name=\"referer_title\" value=\"Alt\u00fcrk\" \/>\n\n\t\t\t\n\t\t\t<div class=\"elementor-form-fields-wrapper elementor-labels-above\">\n\t\t\t\t\t\t\t\t<div class=\"elementor-field-type-text elementor-field-group elementor-column elementor-field-group-name elementor-col-100 elementor-field-required\">\n\t\t\t\t\t\t\t\t\t\t\t\t<label for=\"form-field-name\" class=\"elementor-field-label\">\n\t\t\t\t\t\t\t\tAd\u0131n\u0131z\t\t\t\t\t\t\t<\/label>\n\t\t\t\t\t\t\t\t\t\t\t\t\t\t<input size=\"1\" type=\"text\" name=\"form_fields[name]\" id=\"form-field-name\" class=\"elementor-field elementor-size-sm  elementor-field-textual\" placeholder=\"Tam ad\u0131n\u0131z\u0131 yaz\u0131n\u0131z\" required=\"required\">\n\t\t\t\t\t\t\t\t\t\t\t<\/div>\n\t\t\t\t\t\t\t\t<div class=\"elementor-field-type-email elementor-field-group elementor-column elementor-field-group-email elementor-col-100 elementor-field-required\">\n\t\t\t\t\t\t\t\t\t\t\t\t<label for=\"form-field-email\" class=\"elementor-field-label\">\n\t\t\t\t\t\t\t\tEmail adresiniz\t\t\t\t\t\t\t<\/label>\n\t\t\t\t\t\t\t\t\t\t\t\t\t\t<input size=\"1\" type=\"email\" name=\"form_fields[email]\" id=\"form-field-email\" class=\"elementor-field elementor-size-sm  elementor-field-textual\" placeholder=\"Email adresinizi yaz\u0131n\u0131z\" required=\"required\">\n\t\t\t\t\t\t\t\t\t\t\t<\/div>\n\t\t\t\t\t\t\t\t<div class=\"elementor-field-type-text elementor-field-group elementor-column elementor-field-group-field_d585d70 elementor-col-100 elementor-field-required\">\n\t\t\t\t\t\t\t\t\t\t\t\t<label for=\"form-field-field_d585d70\" class=\"elementor-field-label\">\n\t\t\t\t\t\t\t\t\u015eehir\t\t\t\t\t\t\t<\/label>\n\t\t\t\t\t\t\t\t\t\t\t\t\t\t<input size=\"1\" type=\"text\" name=\"form_fields[field_d585d70]\" id=\"form-field-field_d585d70\" class=\"elementor-field elementor-size-sm  elementor-field-textual\" placeholder=\"\u0130stanbul\" required=\"required\">\n\t\t\t\t\t\t\t\t\t\t\t<\/div>\n\t\t\t\t\t\t\t\t<div class=\"elementor-field-type-tel elementor-field-group elementor-column elementor-field-group-field_de722be elementor-col-100 elementor-field-required\">\n\t\t\t\t\t\t\t\t\t\t\t\t<label for=\"form-field-field_de722be\" class=\"elementor-field-label\">\n\t\t\t\t\t\t\t\tTelefon\t\t\t\t\t\t\t<\/label>\n\t\t\t\t\t\t\t\t<input size=\"1\" type=\"tel\" name=\"form_fields[field_de722be]\" id=\"form-field-field_de722be\" class=\"elementor-field elementor-size-sm  elementor-field-textual\" placeholder=\"+90 123 456 78 90\" required=\"required\" pattern=\"[0-9()#&amp;+*-=.]+\" title=\"Only numbers and phone characters (#, -, *, etc) are accepted.\">\n\n\t\t\t\t\t\t<\/div>\n\t\t\t\t\t\t\t\t<div class=\"elementor-field-type-textarea elementor-field-group elementor-column elementor-field-group-message elementor-col-100\">\n\t\t\t\t\t\t\t\t\t\t\t\t<label for=\"form-field-message\" class=\"elementor-field-label\">\n\t\t\t\t\t\t\t\tMesaj\u0131n\u0131z\t\t\t\t\t\t\t<\/label>\n\t\t\t\t\t\t<textarea class=\"elementor-field-textual elementor-field  elementor-size-sm\" name=\"form_fields[message]\" id=\"form-field-message\" rows=\"4\" placeholder=\"Mesaj\u0131n\u0131z\u0131 yaz\u0131n\u0131z...\"><\/textarea>\t\t\t\t<\/div>\n\t\t\t\t\t\t\t\t<div class=\"elementor-field-type-acceptance elementor-field-group elementor-column elementor-field-group-field_b45e13e elementor-col-100 elementor-field-required\">\n\t\t\t\t\t\t\t<div class=\"elementor-field-subgroup\">\n\t\t\t<span class=\"elementor-field-option\">\n\t\t\t\t<input type=\"checkbox\" name=\"form_fields[field_b45e13e]\" id=\"form-field-field_b45e13e\" class=\"elementor-field elementor-size-sm  elementor-acceptance-field\" required=\"required\" checked=\"checked\">\n\t\t\t\t<label for=\"form-field-field_b45e13e\">Payla\u015ft\u0131\u011f\u0131m ki\u015fisel bilgilerin <a href=\"\/gizlilik-politkasi\" target=\"_blank\">Gizlilik Politikas\u0131<\/a> kapsam\u0131nda i\u015flenece\u011fini anl\u0131yor ve onayl\u0131yorum.<\/label>\t\t\t<\/span>\n\t\t<\/div>\n\t\t\t\t\t\t<\/div>\n\t\t\t\t\t\t\t\t<div class=\"elementor-field-group elementor-column elementor-field-type-submit elementor-col-100 e-form__buttons\">\n\t\t\t\t\t<button class=\"elementor-button elementor-size-sm\" type=\"submit\">\n\t\t\t\t\t\t<span class=\"elementor-button-content-wrapper\">\n\t\t\t\t\t\t\t\t\t\t\t\t\t\t\t\t\t\t\t\t\t\t<span class=\"elementor-button-text\">G\u00f6nder<\/span>\n\t\t\t\t\t\t\t\t\t\t\t\t\t<\/span>\n\t\t\t\t\t<\/button>\n\t\t\t\t<\/div>\n\t\t\t<\/div>\n\t\t<\/form>\n\t\t\t\t\t\t<\/div>\n\t\t\t\t<\/div>\n\t\t\t\t<\/div>\n\t\t\t\t<\/div>\n\t\t<div class=\"elementor-element elementor-element-102b4f2 e-con-full e-flex e-con e-child\" data-id=\"102b4f2\" data-element_type=\"container\" data-e-type=\"container\">\n\t\t<div class=\"elementor-element elementor-element-a2b9a6f e-con-full e-flex e-con e-child\" data-id=\"a2b9a6f\" data-element_type=\"container\" data-e-type=\"container\">\n\t\t\t\t<\/div>\n\t\t\t\t<\/div>\n\t\t\t\t<\/div>\n\t\t\t\t<\/div>\n\t\t\t\t\t<\/div>\n\t\t\t\t<\/div>\n\t\t\t\t<\/div>\n\t\t","protected":false},"excerpt":{"rendered":"<p>Projelerinizde birlikte yol almak i\u00e7in bizimle ileti\u015fime ge\u00e7in. Sorular\u0131n\u0131z, i\u015f birlikleriniz veya projeleriniz hakk\u0131nda bilgi almak i\u00e7in her zaman buraday\u0131z. \u0130leiti\u015fim Bilgilerimiz info@alturk.com +90 216 346 22 46 Ofis \u0130stanbul, Fenerbah\u00e7e, Itridede Sokak, No:1\/6 Kad\u0131k\u00f6y Showroom \u0130stanbul, Ferhatpa\u015fa, 37. Sokak, No:29, 34888 Ata\u015fehir \u0130leti\u015fim formunu doldurarak bize mesaj\u0131n\u0131z\u0131 iletebilirsiniz.<\/p>\n","protected":false},"author":1,"featured_media":10094,"parent":0,"menu_order":0,"comment_status":"closed","ping_status":"closed","template":"","meta":{"footnotes":""},"class_list":["post-33","page","type-page","status-publish","has-post-thumbnail","hentry"],"yoast_head":"<!-- This site is optimized with the Yoast SEO plugin v27.0 - https:\/\/yoast.com\/product\/yoast-seo-wordpress\/ -->\n<title>Bize Ula\u015f\u0131n - Alt\u00fcrk<\/title>\n<meta name=\"robots\" content=\"index, follow, max-snippet:-1, max-image-preview:large, max-video-preview:-1\" \/>\n<link rel=\"canonical\" href=\"https:\/\/alturk.com\/bize-ulasin\/\" \/>\n<meta property=\"og:locale\" content=\"tr_TR\" \/>\n<meta property=\"og:type\" content=\"article\" \/>\n<meta property=\"og:title\" content=\"Bize Ula\u015f\u0131n - Alt\u00fcrk\" \/>\n<meta property=\"og:description\" content=\"Projelerinizde birlikte yol almak i\u00e7in bizimle ileti\u015fime ge\u00e7in. Sorular\u0131n\u0131z, i\u015f birlikleriniz veya projeleriniz hakk\u0131nda bilgi almak i\u00e7in her zaman buraday\u0131z. \u0130leiti\u015fim Bilgilerimiz info@alturk.com +90 216 346 22 46 Ofis \u0130stanbul, Fenerbah\u00e7e, Itridede Sokak, No:1\/6 Kad\u0131k\u00f6y Showroom \u0130stanbul, Ferhatpa\u015fa, 37. Sokak, No:29, 34888 Ata\u015fehir \u0130leti\u015fim formunu doldurarak bize mesaj\u0131n\u0131z\u0131 iletebilirsiniz.\" \/>\n<meta property=\"og:url\" content=\"https:\/\/alturk.com\/bize-ulasin\/\" \/>\n<meta property=\"og:site_name\" content=\"Alt\u00fcrk\" \/>\n<meta property=\"article:modified_time\" content=\"2025-10-08T11:39:15+00:00\" \/>\n<meta property=\"og:image\" content=\"https:\/\/alturk.com\/wp-content\/uploads\/2025\/06\/augustine-wong-F3lmKPkDiGw-unsplash-2-13.jpg\" \/>\n\t<meta property=\"og:image:width\" content=\"1670\" \/>\n\t<meta property=\"og:image:height\" content=\"2070\" \/>\n\t<meta property=\"og:image:type\" content=\"image\/jpeg\" \/>\n<meta name=\"twitter:card\" content=\"summary_large_image\" \/>\n<meta name=\"twitter:label1\" content=\"Tahmini okuma s\u00fcresi\" \/>\n\t<meta name=\"twitter:data1\" content=\"1 dakika\" \/>\n<script type=\"application\/ld+json\" class=\"yoast-schema-graph\">{\"@context\":\"https:\/\/schema.org\",\"@graph\":[{\"@type\":\"WebPage\",\"@id\":\"https:\/\/alturk.com\/bize-ulasin\/\",\"url\":\"https:\/\/alturk.com\/bize-ulasin\/\",\"name\":\"Bize Ula\u015f\u0131n - Alt\u00fcrk\",\"isPartOf\":{\"@id\":\"https:\/\/alturk.com\/#website\"},\"primaryImageOfPage\":{\"@id\":\"https:\/\/alturk.com\/bize-ulasin\/#primaryimage\"},\"image\":{\"@id\":\"https:\/\/alturk.com\/bize-ulasin\/#primaryimage\"},\"thumbnailUrl\":\"https:\/\/alturk.com\/wp-content\/uploads\/2025\/06\/augustine-wong-F3lmKPkDiGw-unsplash-2-13.jpg\",\"datePublished\":\"2025-05-15T09:53:17+00:00\",\"dateModified\":\"2025-10-08T11:39:15+00:00\",\"breadcrumb\":{\"@id\":\"https:\/\/alturk.com\/bize-ulasin\/#breadcrumb\"},\"inLanguage\":\"tr\",\"potentialAction\":[{\"@type\":\"ReadAction\",\"target\":[\"https:\/\/alturk.com\/bize-ulasin\/\"]}]},{\"@type\":\"ImageObject\",\"inLanguage\":\"tr\",\"@id\":\"https:\/\/alturk.com\/bize-ulasin\/#primaryimage\",\"url\":\"https:\/\/alturk.com\/wp-content\/uploads\/2025\/06\/augustine-wong-F3lmKPkDiGw-unsplash-2-13.jpg\",\"contentUrl\":\"https:\/\/alturk.com\/wp-content\/uploads\/2025\/06\/augustine-wong-F3lmKPkDiGw-unsplash-2-13.jpg\",\"width\":1670,\"height\":2070},{\"@type\":\"BreadcrumbList\",\"@id\":\"https:\/\/alturk.com\/bize-ulasin\/#breadcrumb\",\"itemListElement\":[{\"@type\":\"ListItem\",\"position\":1,\"name\":\"Home\",\"item\":\"https:\/\/alturk.com\/en\/\"},{\"@type\":\"ListItem\",\"position\":2,\"name\":\"Bize Ula\u015f\u0131n\"}]},{\"@type\":\"WebSite\",\"@id\":\"https:\/\/alturk.com\/#website\",\"url\":\"https:\/\/alturk.com\/\",\"name\":\"Alt\u00fcrk\",\"description\":\"International Construction Group\",\"publisher\":{\"@id\":\"https:\/\/alturk.com\/#organization\"},\"potentialAction\":[{\"@type\":\"SearchAction\",\"target\":{\"@type\":\"EntryPoint\",\"urlTemplate\":\"https:\/\/alturk.com\/?s={search_term_string}\"},\"query-input\":{\"@type\":\"PropertyValueSpecification\",\"valueRequired\":true,\"valueName\":\"search_term_string\"}}],\"inLanguage\":\"tr\"},{\"@type\":\"Organization\",\"@id\":\"https:\/\/alturk.com\/#organization\",\"name\":\"Alt\u00fcrk\",\"url\":\"https:\/\/alturk.com\/\",\"logo\":{\"@type\":\"ImageObject\",\"inLanguage\":\"tr\",\"@id\":\"https:\/\/alturk.com\/#\/schema\/logo\/image\/\",\"url\":\"https:\/\/alturk.com\/wp-content\/uploads\/2025\/06\/Alturk_Logo.svg\",\"contentUrl\":\"https:\/\/alturk.com\/wp-content\/uploads\/2025\/06\/Alturk_Logo.svg\",\"caption\":\"Alt\u00fcrk\"},\"image\":{\"@id\":\"https:\/\/alturk.com\/#\/schema\/logo\/image\/\"}}]}<\/script>\n<!-- \/ Yoast SEO plugin. -->","yoast_head_json":{"title":"Bize Ula\u015f\u0131n - Alt\u00fcrk","robots":{"index":"index","follow":"follow","max-snippet":"max-snippet:-1","max-image-preview":"max-image-preview:large","max-video-preview":"max-video-preview:-1"},"canonical":"https:\/\/alturk.com\/bize-ulasin\/","og_locale":"tr_TR","og_type":"article","og_title":"Bize Ula\u015f\u0131n - Alt\u00fcrk","og_description":"Projelerinizde birlikte yol almak i\u00e7in bizimle ileti\u015fime ge\u00e7in. Sorular\u0131n\u0131z, i\u015f birlikleriniz veya projeleriniz hakk\u0131nda bilgi almak i\u00e7in her zaman buraday\u0131z. \u0130leiti\u015fim Bilgilerimiz info@alturk.com +90 216 346 22 46 Ofis \u0130stanbul, Fenerbah\u00e7e, Itridede Sokak, No:1\/6 Kad\u0131k\u00f6y Showroom \u0130stanbul, Ferhatpa\u015fa, 37. Sokak, No:29, 34888 Ata\u015fehir \u0130leti\u015fim formunu doldurarak bize mesaj\u0131n\u0131z\u0131 iletebilirsiniz.","og_url":"https:\/\/alturk.com\/bize-ulasin\/","og_site_name":"Alt\u00fcrk","article_modified_time":"2025-10-08T11:39:15+00:00","og_image":[{"width":1670,"height":2070,"url":"https:\/\/alturk.com\/wp-content\/uploads\/2025\/06\/augustine-wong-F3lmKPkDiGw-unsplash-2-13.jpg","type":"image\/jpeg"}],"twitter_card":"summary_large_image","twitter_misc":{"Tahmini okuma s\u00fcresi":"1 dakika"},"schema":{"@context":"https:\/\/schema.org","@graph":[{"@type":"WebPage","@id":"https:\/\/alturk.com\/bize-ulasin\/","url":"https:\/\/alturk.com\/bize-ulasin\/","name":"Bize Ula\u015f\u0131n - Alt\u00fcrk","isPartOf":{"@id":"https:\/\/alturk.com\/#website"},"primaryImageOfPage":{"@id":"https:\/\/alturk.com\/bize-ulasin\/#primaryimage"},"image":{"@id":"https:\/\/alturk.com\/bize-ulasin\/#primaryimage"},"thumbnailUrl":"https:\/\/alturk.com\/wp-content\/uploads\/2025\/06\/augustine-wong-F3lmKPkDiGw-unsplash-2-13.jpg","datePublished":"2025-05-15T09:53:17+00:00","dateModified":"2025-10-08T11:39:15+00:00","breadcrumb":{"@id":"https:\/\/alturk.com\/bize-ulasin\/#breadcrumb"},"inLanguage":"tr","potentialAction":[{"@type":"ReadAction","target":["https:\/\/alturk.com\/bize-ulasin\/"]}]},{"@type":"ImageObject","inLanguage":"tr","@id":"https:\/\/alturk.com\/bize-ulasin\/#primaryimage","url":"https:\/\/alturk.com\/wp-content\/uploads\/2025\/06\/augustine-wong-F3lmKPkDiGw-unsplash-2-13.jpg","contentUrl":"https:\/\/alturk.com\/wp-content\/uploads\/2025\/06\/augustine-wong-F3lmKPkDiGw-unsplash-2-13.jpg","width":1670,"height":2070},{"@type":"BreadcrumbList","@id":"https:\/\/alturk.com\/bize-ulasin\/#breadcrumb","itemListElement":[{"@type":"ListItem","position":1,"name":"Home","item":"https:\/\/alturk.com\/en\/"},{"@type":"ListItem","position":2,"name":"Bize Ula\u015f\u0131n"}]},{"@type":"WebSite","@id":"https:\/\/alturk.com\/#website","url":"https:\/\/alturk.com\/","name":"Alt\u00fcrk","description":"International Construction Group","publisher":{"@id":"https:\/\/alturk.com\/#organization"},"potentialAction":[{"@type":"SearchAction","target":{"@type":"EntryPoint","urlTemplate":"https:\/\/alturk.com\/?s={search_term_string}"},"query-input":{"@type":"PropertyValueSpecification","valueRequired":true,"valueName":"search_term_string"}}],"inLanguage":"tr"},{"@type":"Organization","@id":"https:\/\/alturk.com\/#organization","name":"Alt\u00fcrk","url":"https:\/\/alturk.com\/","logo":{"@type":"ImageObject","inLanguage":"tr","@id":"https:\/\/alturk.com\/#\/schema\/logo\/image\/","url":"https:\/\/alturk.com\/wp-content\/uploads\/2025\/06\/Alturk_Logo.svg","contentUrl":"https:\/\/alturk.com\/wp-content\/uploads\/2025\/06\/Alturk_Logo.svg","caption":"Alt\u00fcrk"},"image":{"@id":"https:\/\/alturk.com\/#\/schema\/logo\/image\/"}}]}},"_links":{"self":[{"href":"https:\/\/alturk.com\/tr\/wp-json\/wp\/v2\/pages\/33","targetHints":{"allow":["GET"]}}],"collection":[{"href":"https:\/\/alturk.com\/tr\/wp-json\/wp\/v2\/pages"}],"about":[{"href":"https:\/\/alturk.com\/tr\/wp-json\/wp\/v2\/types\/page"}],"author":[{"embeddable":true,"href":"https:\/\/alturk.com\/tr\/wp-json\/wp\/v2\/users\/1"}],"replies":[{"embeddable":true,"href":"https:\/\/alturk.com\/tr\/wp-json\/wp\/v2\/comments?post=33"}],"version-history":[{"count":52,"href":"https:\/\/alturk.com\/tr\/wp-json\/wp\/v2\/pages\/33\/revisions"}],"predecessor-version":[{"id":20697,"href":"https:\/\/alturk.com\/tr\/wp-json\/wp\/v2\/pages\/33\/revisions\/20697"}],"wp:featuredmedia":[{"embeddable":true,"href":"https:\/\/alturk.com\/tr\/wp-json\/wp\/v2\/media\/10094"}],"wp:attachment":[{"href":"https:\/\/alturk.com\/tr\/wp-json\/wp\/v2\/media?parent=33"}],"curies":[{"name":"wp","href":"https:\/\/api.w.org\/{rel}","templated":true}]}}