{"id":3,"date":"2025-04-30T11:13:38","date_gmt":"2025-04-30T11:13:38","guid":{"rendered":"https:\/\/minnaro.vamtam.com\/?page_id=3"},"modified":"2025-10-02T19:56:51","modified_gmt":"2025-10-02T16:56:51","slug":"gizlilik-politikasi","status":"publish","type":"page","link":"https:\/\/alturk.com\/tr\/gizlilik-politikasi\/","title":{"rendered":"Gizlilik Politikas\u0131"},"content":{"rendered":"\t\t<div data-elementor-type=\"wp-page\" data-elementor-id=\"3\" class=\"elementor elementor-3\" data-elementor-post-type=\"page\">\n\t\t\t\t<div class=\"elementor-element elementor-element-ec67d58 e-con-full e-flex e-con e-child\" data-id=\"ec67d58\" data-element_type=\"container\" data-e-type=\"container\">\n\t\t\t\t<div class=\"elementor-element elementor-element-8872981 elementor-widget elementor-widget-text-editor\" data-id=\"8872981\" data-element_type=\"widget\" data-e-type=\"widget\" data-widget_type=\"text-editor.default\">\n\t\t\t\t\t\t\t\t\t<p>Bu \u0130nternet sitesini kullanarak ki\u015fisel verilerinizin i\u015flenmesini kabul etmi\u015f olursunuz. G\u00fcvenli\u011finiz bizim i\u00e7in \u00f6nemli. Bu sebeple, bizimle payla\u015faca\u011f\u0131n\u0131z ki\u015fisel verileriniz hassasiyetle korunmaktad\u0131r.<\/p>\t\t\t\t\t\t\t\t<\/div>\n\t\t\t\t<div class=\"elementor-element elementor-element-06b4b54 elementor-widget elementor-widget-heading\" data-id=\"06b4b54\" data-element_type=\"widget\" data-e-type=\"widget\" data-widget_type=\"heading.default\">\n\t\t\t\t\t<h3 class=\"elementor-heading-title elementor-size-default\">Veri Sorumlusu<\/h3>\t\t\t\t<\/div>\n\t\t\t\t<div class=\"elementor-element elementor-element-47684b5 elementor-widget elementor-widget-text-editor\" data-id=\"47684b5\" data-element_type=\"widget\" data-e-type=\"widget\" data-widget_type=\"text-editor.default\">\n\t\t\t\t\t\t\t\t\t<p>Biz, Alt\u00fcrk Mimarl\u0131k, veri sorumlusu olarak, bu gizlilik ve ki\u015fisel verilerin korunmas\u0131 politikas\u0131 ile ziyaret etmekte oldu\u011funuz \u0130nternet sitesi kapsam\u0131nda hangi ki\u015fisel verilerinizin hangi ama\u00e7larla i\u015flenece\u011fi, i\u015flenen verilerin kimlerle ve hangi sebeplerle payla\u015f\u0131labilece\u011fi, veri i\u015fleme y\u00f6ntemimiz ve hukuki sebepleri ile; i\u015flenen verilerinize ili\u015fkin haklar\u0131n\u0131z\u0131n neler oldu\u011fu hususunda siz kullan\u0131c\u0131lar\u0131m\u0131z\u0131 ayd\u0131nlatmay\u0131 ama\u00e7l\u0131yoruz.<\/p>\t\t\t\t\t\t\t\t<\/div>\n\t\t\t\t<div class=\"elementor-element elementor-element-21cc90c elementor-widget elementor-widget-heading\" data-id=\"21cc90c\" data-element_type=\"widget\" data-e-type=\"widget\" data-widget_type=\"heading.default\">\n\t\t\t\t\t<h3 class=\"elementor-heading-title elementor-size-default\">Toplanan Ki\u015fisel Veriler<\/h3>\t\t\t\t<\/div>\n\t\t\t\t<div class=\"elementor-element elementor-element-4e8cda5 elementor-widget elementor-widget-text-editor\" data-id=\"4e8cda5\" data-element_type=\"widget\" data-e-type=\"widget\" data-widget_type=\"text-editor.default\">\n\t\t\t\t\t\t\t\t\t<p>Bu \u0130nternet sitesi taraf\u0131ndan toplanan ki\u015fisel verileriniz:<\/p><ul><li>E-posta adresi<\/li><li>Ad ve soyad<\/li><li>Telefon numaras\u0131<\/li><li>Konum bilgileri<\/li><\/ul>\t\t\t\t\t\t\t\t<\/div>\n\t\t\t\t<div class=\"elementor-element elementor-element-7ab4122 elementor-widget elementor-widget-heading\" data-id=\"7ab4122\" data-element_type=\"widget\" data-e-type=\"widget\" data-widget_type=\"heading.default\">\n\t\t\t\t\t<h3 class=\"elementor-heading-title elementor-size-default\">Verilerin \u0130\u015flenme Ama\u00e7lar\u0131<\/h3>\t\t\t\t<\/div>\n\t\t\t\t<div class=\"elementor-element elementor-element-c92a13f elementor-widget elementor-widget-text-editor\" data-id=\"c92a13f\" data-element_type=\"widget\" data-e-type=\"widget\" data-widget_type=\"text-editor.default\">\n\t\t\t\t\t\t\t\t\t<p>Ki\u015fisel verileriniz, bu \u0130nternet sitesi taraf\u0131ndan amac\u0131na uygun hizmet sunulabilmesi, yasal y\u00fck\u00fcml\u00fcl\u00fcklerin yerine getirilmesi, hizmet kalitesinin art\u0131r\u0131lmas\u0131, ileti\u015fim, g\u00fcvenlik ve gerekti\u011finde yasal merciler ile bilgi payla\u015f\u0131labilmesi ama\u00e7lar\u0131 ile i\u015flenmektedir. Ki\u015fisel verileriniz, bu say\u0131lan ama\u00e7lar d\u0131\u015f\u0131nda kullan\u0131lmayacakt\u0131r.<\/p>\t\t\t\t\t\t\t\t<\/div>\n\t\t\t\t<div class=\"elementor-element elementor-element-4abe7ff elementor-widget elementor-widget-heading\" data-id=\"4abe7ff\" data-element_type=\"widget\" data-e-type=\"widget\" data-widget_type=\"heading.default\">\n\t\t\t\t\t<h3 class=\"elementor-heading-title elementor-size-default\">Verilerin Aktar\u0131lmas\u0131<\/h3>\t\t\t\t<\/div>\n\t\t\t\t<div class=\"elementor-element elementor-element-a190704 elementor-widget elementor-widget-text-editor\" data-id=\"a190704\" data-element_type=\"widget\" data-e-type=\"widget\" data-widget_type=\"text-editor.default\">\n\t\t\t\t\t\t\t\t\t<p>Bu \u0130nternet sitesi taraf\u0131ndan toplanan ki\u015fisel verileriniz, yasal zorunluluklar haricinde, a\u00e7\u0131k r\u0131zan\u0131z olmadan \u00fc\u00e7\u00fcnc\u00fc ki\u015filer ile payla\u015f\u0131lmaz. Ancak hizmet sa\u011flay\u0131c\u0131lar\u0131m\u0131z, i\u015f ortaklar\u0131m\u0131z ve yasal merciler ile, hizmetin sa\u011flanmas\u0131 ve yasal y\u00fck\u00fcml\u00fcl\u00fcklerin yerine getirilmesi ama\u00e7lar\u0131yla gerekli oldu\u011fu \u00f6l\u00e7\u00fcde payla\u015f\u0131labilir.<\/p>\t\t\t\t\t\t\t\t<\/div>\n\t\t\t\t<div class=\"elementor-element elementor-element-ecc44c0 elementor-widget elementor-widget-heading\" data-id=\"ecc44c0\" data-element_type=\"widget\" data-e-type=\"widget\" data-widget_type=\"heading.default\">\n\t\t\t\t\t<h3 class=\"elementor-heading-title elementor-size-default\">\u00c7erez Kullan\u0131m\u0131<\/h3>\t\t\t\t<\/div>\n\t\t\t\t<div class=\"elementor-element elementor-element-75c4ce7 elementor-widget elementor-widget-text-editor\" data-id=\"75c4ce7\" data-element_type=\"widget\" data-e-type=\"widget\" data-widget_type=\"text-editor.default\">\n\t\t\t\t\t\t\t\t\t<p>Bu \u0130nternet sitesi \u00e7erez kullanmaktad\u0131r. \u00c7erezler, bir \u0130nternet sayfas\u0131 ziyaret edildi\u011finde kullan\u0131c\u0131lara ili\u015fkin birtak\u0131m bilgilerin kullan\u0131c\u0131lar\u0131n terminal cihazlar\u0131nda depolanmas\u0131na izin veren d\u00fc\u015f\u00fck boyutlu zengin metin bi\u00e7imli text formatlar\u0131d\u0131r. \u00c7erezler, bir \u0130nternet sitesini ilk ziyaretiniz s\u0131ras\u0131nda taray\u0131c\u0131n\u0131z arac\u0131l\u0131\u011f\u0131yla cihaz\u0131n\u0131za depolanabilir ve ayn\u0131 siteyi ayn\u0131 cihazla tekrar ziyaret etti\u011finizde, taray\u0131c\u0131n\u0131z cihaz\u0131n\u0131zda site ad\u0131na kay\u0131tl\u0131 bir \u00e7erez olup olmad\u0131\u011f\u0131n\u0131 kontrol eder. E\u011fer kay\u0131t var ise, kayd\u0131n i\u00e7indeki veriyi ziyaret etmekte oldu\u011funuz \u0130nternet sitesine iletir. Bu sayede \u0130nternet sitesi, sizin daha \u00f6nceki ziyaretinizi tespit eder ve size iletilecek i\u00e7eri\u011fi ona g\u00f6re belirler.<\/p>\t\t\t\t\t\t\t\t<\/div>\n\t\t\t\t<div class=\"elementor-element elementor-element-25118d7 elementor-widget elementor-widget-heading\" data-id=\"25118d7\" data-element_type=\"widget\" data-e-type=\"widget\" data-widget_type=\"heading.default\">\n\t\t\t\t\t<h3 class=\"elementor-heading-title elementor-size-default\">Yasal Haklar\u0131n\u0131z<\/h3>\t\t\t\t<\/div>\n\t\t\t\t<div class=\"elementor-element elementor-element-f471174 elementor-widget elementor-widget-text-editor\" data-id=\"f471174\" data-element_type=\"widget\" data-e-type=\"widget\" data-widget_type=\"text-editor.default\">\n\t\t\t\t\t\t\t\t\t<h4>KVKK Kapsam\u0131nda Haklar\u0131n\u0131z<\/h4><p>6698 say\u0131l\u0131 KVKK madde 11 uyar\u0131nca herkes, veri sorumlusuna ba\u015fvurarak kendisiyle ilgili a\u015fa\u011f\u0131da yer alan taleplerde bulunma hakk\u0131na sahiptir:<\/p><ol type=\"a\"><li>Ki\u015fisel verilerinin i\u015flenip i\u015flenmedi\u011fini \u00f6\u011frenme.<\/li><li>Ki\u015fisel verileri i\u015flenmi\u015fse buna ili\u015fkin bilgi talep etme.<\/li><li>Ki\u015fisel verilerin i\u015flenme amac\u0131n\u0131 ve bunlar\u0131n amac\u0131na uygun kullan\u0131l\u0131p kullan\u0131lmad\u0131\u011f\u0131n\u0131 \u00f6\u011frenme.<\/li><li>Yurt i\u00e7inde veya yurt d\u0131\u015f\u0131nda ki\u015fisel verilerin aktar\u0131ld\u0131\u011f\u0131 \u00fc\u00e7\u00fcnc\u00fc ki\u015fileri bilme.<\/li><li>Ki\u015fisel verilerin eksik veya yanl\u0131\u015f i\u015flenmi\u015f olmas\u0131 h\u00e2linde bunlar\u0131n d\u00fczeltilmesini isteme.<\/li><li>KVKK madde 7 ile \u00f6ng\u00f6r\u00fclen \u015fartlar \u00e7er\u00e7evesinde ki\u015fisel verilerin silinmesini veya yok edilmesini isteme.<\/li><li>D\u00fczeltme, silme ve yok edilme talepleri neticesinde yap\u0131lan i\u015flemlerin, ki\u015fisel verilerin aktar\u0131ld\u0131\u011f\u0131 \u00fc\u00e7\u00fcnc\u00fc ki\u015filere bildirilmesini isteme.<\/li><li>\u0130\u015flenen verilerin m\u00fcnhas\u0131ran otomatik sistemler vas\u0131tas\u0131yla analiz edilmesi suretiyle ki\u015finin kendisi aleyhine bir sonucun ortaya \u00e7\u0131kmas\u0131na itiraz etme.<\/li><li>Ki\u015fisel verilerin kanuna ayk\u0131r\u0131 olarak i\u015flenmesi sebebiyle zarara u\u011framas\u0131 h\u00e2linde zarar\u0131n giderilmesini talep etme.<\/li><\/ol>\t\t\t\t\t\t\t\t<\/div>\n\t\t\t\t<div class=\"elementor-element elementor-element-a622c0e elementor-widget elementor-widget-heading\" data-id=\"a622c0e\" data-element_type=\"widget\" data-e-type=\"widget\" data-widget_type=\"heading.default\">\n\t\t\t\t\t<h3 class=\"elementor-heading-title elementor-size-default\">\u0130leti\u015fim<\/h3>\t\t\t\t<\/div>\n\t\t\t\t<div class=\"elementor-element elementor-element-c091412 elementor-widget elementor-widget-text-editor\" data-id=\"c091412\" data-element_type=\"widget\" data-e-type=\"widget\" data-widget_type=\"text-editor.default\">\n\t\t\t\t\t\t\t\t\t<p>Ki\u015fisel verilerinizle ilgili haklar\u0131n\u0131z\u0131 kullanmak veya Gizlilik Politika&#8217;m\u0131z hakk\u0131nda daha fazla bilgi almak i\u00e7in info@alturk.com adresinden bizimle ileti\u015fime ge\u00e7ebilirsiniz.<\/p>\t\t\t\t\t\t\t\t<\/div>\n\t\t\t\t<div class=\"elementor-element elementor-element-924c3fe elementor-widget elementor-widget-heading\" data-id=\"924c3fe\" data-element_type=\"widget\" data-e-type=\"widget\" data-widget_type=\"heading.default\">\n\t\t\t\t\t<h3 class=\"elementor-heading-title elementor-size-default\">Onay ve Y\u00fcr\u00fcrl\u00fck<\/h3>\t\t\t\t<\/div>\n\t\t\t\t<div class=\"elementor-element elementor-element-c3a8432 elementor-widget elementor-widget-text-editor\" data-id=\"c3a8432\" data-element_type=\"widget\" data-e-type=\"widget\" data-widget_type=\"text-editor.default\">\n\t\t\t\t\t\t\t\t\t<p>\u0130nternet sitemiz ile ki\u015fisel verilerinizi payla\u015fmak, tamamen sizin tercihinizdir. \u0130nternet sitemizi kullanmaya devam etti\u011finiz takdirde, bu Gizlilik Politikas\u0131&#8217;n\u0131 kabul etti\u011finiz varsay\u0131lacakt\u0131r. Bu politika,\u00a0<strong>1 Ekim 2025<\/strong>\u00a0tarihinde y\u00fcr\u00fcrl\u00fc\u011fe girmi\u015f olup, gerekti\u011finde g\u00fcncellenir.<\/p>\t\t\t\t\t\t\t\t<\/div>\n\t\t\t\t<\/div>\n\t\t\t\t<\/div>\n\t\t","protected":false},"excerpt":{"rendered":"<p>Bu \u0130nternet sitesini kullanarak ki\u015fisel verilerinizin i\u015flenmesini kabul etmi\u015f olursunuz. G\u00fcvenli\u011finiz bizim i\u00e7in \u00f6nemli. Bu sebeple, bizimle payla\u015faca\u011f\u0131n\u0131z ki\u015fisel verileriniz hassasiyetle korunmaktad\u0131r. Veri Sorumlusu Biz, Alt\u00fcrk Mimarl\u0131k, veri sorumlusu olarak, bu gizlilik ve ki\u015fisel verilerin korunmas\u0131 politikas\u0131 ile ziyaret etmekte oldu\u011funuz \u0130nternet sitesi kapsam\u0131nda hangi ki\u015fisel verilerinizin hangi ama\u00e7larla i\u015flenece\u011fi, i\u015flenen verilerin kimlerle ve hangi&#8230;<\/p>\n","protected":false},"author":1,"featured_media":0,"parent":0,"menu_order":0,"comment_status":"closed","ping_status":"closed","template":"","meta":{"footnotes":""},"class_list":["post-3","page","type-page","status-publish","hentry"],"yoast_head":"<!-- This site is optimized with the Yoast SEO plugin v27.0 - https:\/\/yoast.com\/product\/yoast-seo-wordpress\/ -->\n<title>Gizlilik Politikas\u0131 - Alt\u00fcrk<\/title>\n<meta name=\"robots\" content=\"index, follow, max-snippet:-1, max-image-preview:large, max-video-preview:-1\" \/>\n<link rel=\"canonical\" href=\"https:\/\/alturk.com\/gizlilik-politikasi\/\" \/>\n<meta property=\"og:locale\" content=\"tr_TR\" \/>\n<meta property=\"og:type\" content=\"article\" \/>\n<meta property=\"og:title\" content=\"Gizlilik Politikas\u0131 - Alt\u00fcrk\" \/>\n<meta property=\"og:description\" content=\"Bu \u0130nternet sitesini kullanarak ki\u015fisel verilerinizin i\u015flenmesini kabul etmi\u015f olursunuz. G\u00fcvenli\u011finiz bizim i\u00e7in \u00f6nemli. Bu sebeple, bizimle payla\u015faca\u011f\u0131n\u0131z ki\u015fisel verileriniz hassasiyetle korunmaktad\u0131r. Veri Sorumlusu Biz, Alt\u00fcrk Mimarl\u0131k, veri sorumlusu olarak, bu gizlilik ve ki\u015fisel verilerin korunmas\u0131 politikas\u0131 ile ziyaret etmekte oldu\u011funuz \u0130nternet sitesi kapsam\u0131nda hangi ki\u015fisel verilerinizin hangi ama\u00e7larla i\u015flenece\u011fi, i\u015flenen verilerin kimlerle ve hangi...\" \/>\n<meta property=\"og:url\" content=\"https:\/\/alturk.com\/gizlilik-politikasi\/\" \/>\n<meta property=\"og:site_name\" content=\"Alt\u00fcrk\" \/>\n<meta property=\"article:modified_time\" content=\"2025-10-02T16:56:51+00:00\" \/>\n<meta name=\"twitter:card\" content=\"summary_large_image\" \/>\n<meta name=\"twitter:label1\" content=\"Tahmini okuma s\u00fcresi\" \/>\n\t<meta name=\"twitter:data1\" content=\"3 dakika\" \/>\n<script type=\"application\/ld+json\" class=\"yoast-schema-graph\">{\"@context\":\"https:\/\/schema.org\",\"@graph\":[{\"@type\":\"WebPage\",\"@id\":\"https:\/\/alturk.com\/gizlilik-politikasi\/\",\"url\":\"https:\/\/alturk.com\/gizlilik-politikasi\/\",\"name\":\"Gizlilik Politikas\u0131 - Alt\u00fcrk\",\"isPartOf\":{\"@id\":\"https:\/\/alturk.com\/#website\"},\"datePublished\":\"2025-04-30T11:13:38+00:00\",\"dateModified\":\"2025-10-02T16:56:51+00:00\",\"breadcrumb\":{\"@id\":\"https:\/\/alturk.com\/gizlilik-politikasi\/#breadcrumb\"},\"inLanguage\":\"tr\",\"potentialAction\":[{\"@type\":\"ReadAction\",\"target\":[\"https:\/\/alturk.com\/gizlilik-politikasi\/\"]}]},{\"@type\":\"BreadcrumbList\",\"@id\":\"https:\/\/alturk.com\/gizlilik-politikasi\/#breadcrumb\",\"itemListElement\":[{\"@type\":\"ListItem\",\"position\":1,\"name\":\"Home\",\"item\":\"https:\/\/alturk.com\/en\/\"},{\"@type\":\"ListItem\",\"position\":2,\"name\":\"Gizlilik Politikas\u0131\"}]},{\"@type\":\"WebSite\",\"@id\":\"https:\/\/alturk.com\/#website\",\"url\":\"https:\/\/alturk.com\/\",\"name\":\"Alt\u00fcrk\",\"description\":\"International Construction Group\",\"publisher\":{\"@id\":\"https:\/\/alturk.com\/#organization\"},\"potentialAction\":[{\"@type\":\"SearchAction\",\"target\":{\"@type\":\"EntryPoint\",\"urlTemplate\":\"https:\/\/alturk.com\/?s={search_term_string}\"},\"query-input\":{\"@type\":\"PropertyValueSpecification\",\"valueRequired\":true,\"valueName\":\"search_term_string\"}}],\"inLanguage\":\"tr\"},{\"@type\":\"Organization\",\"@id\":\"https:\/\/alturk.com\/#organization\",\"name\":\"Alt\u00fcrk\",\"url\":\"https:\/\/alturk.com\/\",\"logo\":{\"@type\":\"ImageObject\",\"inLanguage\":\"tr\",\"@id\":\"https:\/\/alturk.com\/#\/schema\/logo\/image\/\",\"url\":\"https:\/\/alturk.com\/wp-content\/uploads\/2025\/06\/Alturk_Logo.svg\",\"contentUrl\":\"https:\/\/alturk.com\/wp-content\/uploads\/2025\/06\/Alturk_Logo.svg\",\"caption\":\"Alt\u00fcrk\"},\"image\":{\"@id\":\"https:\/\/alturk.com\/#\/schema\/logo\/image\/\"}}]}<\/script>\n<!-- \/ Yoast SEO plugin. -->","yoast_head_json":{"title":"Gizlilik Politikas\u0131 - Alt\u00fcrk","robots":{"index":"index","follow":"follow","max-snippet":"max-snippet:-1","max-image-preview":"max-image-preview:large","max-video-preview":"max-video-preview:-1"},"canonical":"https:\/\/alturk.com\/gizlilik-politikasi\/","og_locale":"tr_TR","og_type":"article","og_title":"Gizlilik Politikas\u0131 - Alt\u00fcrk","og_description":"Bu \u0130nternet sitesini kullanarak ki\u015fisel verilerinizin i\u015flenmesini kabul etmi\u015f olursunuz. G\u00fcvenli\u011finiz bizim i\u00e7in \u00f6nemli. Bu sebeple, bizimle payla\u015faca\u011f\u0131n\u0131z ki\u015fisel verileriniz hassasiyetle korunmaktad\u0131r. Veri Sorumlusu Biz, Alt\u00fcrk Mimarl\u0131k, veri sorumlusu olarak, bu gizlilik ve ki\u015fisel verilerin korunmas\u0131 politikas\u0131 ile ziyaret etmekte oldu\u011funuz \u0130nternet sitesi kapsam\u0131nda hangi ki\u015fisel verilerinizin hangi ama\u00e7larla i\u015flenece\u011fi, i\u015flenen verilerin kimlerle ve hangi...","og_url":"https:\/\/alturk.com\/gizlilik-politikasi\/","og_site_name":"Alt\u00fcrk","article_modified_time":"2025-10-02T16:56:51+00:00","twitter_card":"summary_large_image","twitter_misc":{"Tahmini okuma s\u00fcresi":"3 dakika"},"schema":{"@context":"https:\/\/schema.org","@graph":[{"@type":"WebPage","@id":"https:\/\/alturk.com\/gizlilik-politikasi\/","url":"https:\/\/alturk.com\/gizlilik-politikasi\/","name":"Gizlilik Politikas\u0131 - Alt\u00fcrk","isPartOf":{"@id":"https:\/\/alturk.com\/#website"},"datePublished":"2025-04-30T11:13:38+00:00","dateModified":"2025-10-02T16:56:51+00:00","breadcrumb":{"@id":"https:\/\/alturk.com\/gizlilik-politikasi\/#breadcrumb"},"inLanguage":"tr","potentialAction":[{"@type":"ReadAction","target":["https:\/\/alturk.com\/gizlilik-politikasi\/"]}]},{"@type":"BreadcrumbList","@id":"https:\/\/alturk.com\/gizlilik-politikasi\/#breadcrumb","itemListElement":[{"@type":"ListItem","position":1,"name":"Home","item":"https:\/\/alturk.com\/en\/"},{"@type":"ListItem","position":2,"name":"Gizlilik Politikas\u0131"}]},{"@type":"WebSite","@id":"https:\/\/alturk.com\/#website","url":"https:\/\/alturk.com\/","name":"Alt\u00fcrk","description":"International Construction Group","publisher":{"@id":"https:\/\/alturk.com\/#organization"},"potentialAction":[{"@type":"SearchAction","target":{"@type":"EntryPoint","urlTemplate":"https:\/\/alturk.com\/?s={search_term_string}"},"query-input":{"@type":"PropertyValueSpecification","valueRequired":true,"valueName":"search_term_string"}}],"inLanguage":"tr"},{"@type":"Organization","@id":"https:\/\/alturk.com\/#organization","name":"Alt\u00fcrk","url":"https:\/\/alturk.com\/","logo":{"@type":"ImageObject","inLanguage":"tr","@id":"https:\/\/alturk.com\/#\/schema\/logo\/image\/","url":"https:\/\/alturk.com\/wp-content\/uploads\/2025\/06\/Alturk_Logo.svg","contentUrl":"https:\/\/alturk.com\/wp-content\/uploads\/2025\/06\/Alturk_Logo.svg","caption":"Alt\u00fcrk"},"image":{"@id":"https:\/\/alturk.com\/#\/schema\/logo\/image\/"}}]}},"_links":{"self":[{"href":"https:\/\/alturk.com\/tr\/wp-json\/wp\/v2\/pages\/3","targetHints":{"allow":["GET"]}}],"collection":[{"href":"https:\/\/alturk.com\/tr\/wp-json\/wp\/v2\/pages"}],"about":[{"href":"https:\/\/alturk.com\/tr\/wp-json\/wp\/v2\/types\/page"}],"author":[{"embeddable":true,"href":"https:\/\/alturk.com\/tr\/wp-json\/wp\/v2\/users\/1"}],"replies":[{"embeddable":true,"href":"https:\/\/alturk.com\/tr\/wp-json\/wp\/v2\/comments?post=3"}],"version-history":[{"count":6,"href":"https:\/\/alturk.com\/tr\/wp-json\/wp\/v2\/pages\/3\/revisions"}],"predecessor-version":[{"id":20628,"href":"https:\/\/alturk.com\/tr\/wp-json\/wp\/v2\/pages\/3\/revisions\/20628"}],"wp:attachment":[{"href":"https:\/\/alturk.com\/tr\/wp-json\/wp\/v2\/media?parent=3"}],"curies":[{"name":"wp","href":"https:\/\/api.w.org\/{rel}","templated":true}]}}