{"id":1785,"date":"2025-09-28T13:00:29","date_gmt":"2025-09-28T10:00:29","guid":{"rendered":"https:\/\/minnaro.vamtam.com\/?page_id=1785"},"modified":"2025-09-29T14:58:05","modified_gmt":"2025-09-29T11:58:05","slug":"erdal-alturk","status":"publish","type":"page","link":"https:\/\/alturk.com\/tr\/ekibimiz\/erdal-alturk\/","title":{"rendered":"Erdal Alt\u00fcrk"},"content":{"rendered":"\t\t<div data-elementor-type=\"wp-page\" data-elementor-id=\"1785\" class=\"elementor elementor-1785\" data-elementor-post-type=\"page\">\n\t\t\t\t<div class=\"elementor-element elementor-element-3a18279d e-flex e-con-boxed e-con e-parent\" data-id=\"3a18279d\" data-element_type=\"container\" data-e-type=\"container\" data-settings=\"{&quot;background_background&quot;:&quot;classic&quot;}\">\n\t\t\t\t\t<div class=\"e-con-inner\">\n\t\t<div class=\"elementor-element elementor-element-3c91d87c e-con-full e-flex e-con e-child\" data-id=\"3c91d87c\" data-element_type=\"container\" data-e-type=\"container\">\n\t\t<div class=\"elementor-element elementor-element-30eda5 e-con-full e-flex e-con e-child\" data-id=\"30eda5\" data-element_type=\"container\" data-e-type=\"container\">\n\t\t\t\t<div class=\"elementor-element elementor-element-5b73875 elementor-widget elementor-widget-heading\" data-id=\"5b73875\" data-element_type=\"widget\" data-e-type=\"widget\" data-widget_type=\"heading.default\">\n\t\t\t\t\t<h6 class=\"elementor-heading-title elementor-size-default\">Kurucu - Mimar<\/h6>\t\t\t\t<\/div>\n\t\t\t\t<div class=\"elementor-element elementor-element-357ee205 elementor-widget__width-initial elementor-widget-mobile__width-inherit elementor-widget elementor-widget-theme-post-title elementor-page-title elementor-widget-heading\" data-id=\"357ee205\" data-element_type=\"widget\" data-e-type=\"widget\" data-widget_type=\"theme-post-title.default\">\n\t\t\t\t\t<h1 class=\"elementor-heading-title elementor-size-default\">Erdal Alt\u00fcrk<\/h1>\t\t\t\t<\/div>\n\t\t\t\t<div class=\"elementor-element elementor-element-67e76b99 elementor-widget elementor-widget-text-editor\" data-id=\"67e76b99\" data-element_type=\"widget\" data-e-type=\"widget\" data-widget_type=\"text-editor.default\">\n\t\t\t\t\t\t\t\t\t<p>Erdal Alt\u00fcrk, mimarl\u0131\u011f\u0131 yaln\u0131zca bir yap\u0131 \u00fcretimi de\u011fil, insan ya\u015fam\u0131n\u0131 d\u00f6n\u00fc\u015ft\u00fcren bir deneyim olarak g\u00f6ren vizyoner bir mimard\u0131r. \u0130\u015flevsellik ve esteti\u011fi \u00e7a\u011fda\u015f mimarl\u0131k diliyle bulu\u015fturan yakla\u015f\u0131m\u0131, mek\u00e2nlar\u0131 hem ya\u015fanabilir hem de hat\u0131rlanabilir k\u0131lar.<\/p><p>2006 y\u0131l\u0131nda Erciyes \u00dcniversitesi Mimarl\u0131k Fak\u00fcltesi\u2019nden mezun olduktan sonra Kayseri\u2019de kurdu\u011fu <strong>Art &amp; Design Mimarl\u0131k<\/strong> ile mesleki yolculu\u011funa ba\u015flayan Alt\u00fcrk, 2010 y\u0131l\u0131nda \u0130stanbul\u2019da <strong>Alt\u00fcrk Architecture<\/strong>\u2019\u0131 hayata ge\u00e7irerek \u00e7al\u0131\u015fmalar\u0131n\u0131 ulusal ve uluslararas\u0131 \u00f6l\u00e7ekte s\u00fcrd\u00fcrmeye devam etmi\u015ftir. Bug\u00fcn, kurucusu oldu\u011fu <strong>Alt\u00fcrk Architecture International Construction Group<\/strong> \u00e7at\u0131s\u0131 alt\u0131nda, farkl\u0131 \u00f6l\u00e7eklerdeki projelerin tasar\u0131m ve uygulama s\u00fcre\u00e7lerini b\u00fct\u00fcnc\u00fcl bir vizyonla y\u00f6netmektedir.<\/p><p>Mimari \u00fcretimlerinde mek\u00e2nsal deneyimi, kullan\u0131c\u0131 odakl\u0131 kurgular\u0131 ve teknik detaylar\u0131n incelikli \u00e7\u00f6z\u00fcmlerini \u00f6n planda tutar. Turizm yap\u0131lar\u0131, oteller, spa merkezleri, ofisler, spor kompleksleri ve konutlar gibi geni\u015f bir yelpazede geli\u015ftirdi\u011fi projeler; i\u015flevsel ihtiya\u00e7lar\u0131 kar\u015f\u0131larken ayn\u0131 zamanda estetik ve duygusal bir derinlik de sunar.<\/p>\t\t\t\t\t\t\t\t<\/div>\n\t\t\t\t<\/div>\n\t\t\t\t<div class=\"vamtam-has-theme-widget-styles elementor-element elementor-element-638b5470 vamtam-has-underline-anim elementor-widget elementor-widget-button\" data-id=\"638b5470\" data-element_type=\"widget\" data-e-type=\"widget\" data-widget_type=\"button.default\">\n\t\t\t\t\t\t\t\t\t\t<a class=\"elementor-button elementor-button-link elementor-size-sm\" href=\"mailto:erdal@alturk.com?subject=Hello\">\n\t\t\t\t\t\t<span class=\"elementor-button-content-wrapper\">\n\t\t\t\t\t\t\t\t\t<span class=\"elementor-button-text\">erdal@alturk.com<\/span>\n\t\t\t\t\t<\/span>\n\t\t\t\t\t<\/a>\n\t\t\t\t\t\t\t\t<\/div>\n\t\t\t\t<\/div>\n\t\t<div class=\"elementor-element elementor-element-37ff45b1 e-con-full e-flex e-con e-child\" data-id=\"37ff45b1\" data-element_type=\"container\" data-e-type=\"container\" data-settings=\"{&quot;background_background&quot;:&quot;classic&quot;,&quot;sticky&quot;:&quot;top&quot;,&quot;sticky_offset&quot;:80,&quot;sticky_parent&quot;:&quot;yes&quot;,&quot;sticky_on&quot;:[&quot;desktop&quot;],&quot;sticky_effects_offset&quot;:0,&quot;sticky_anchor_link_offset&quot;:0}\">\n\t\t\t\t<div class=\"vamtam-has-theme-widget-styles elementor-element elementor-element-3a39509f elementor-invisible animated-fast elementor-widget elementor-widget-image\" data-id=\"3a39509f\" data-element_type=\"widget\" data-e-type=\"widget\" data-settings=\"{&quot;_animation&quot;:&quot;imageGrowWithScaleLeft&quot;}\" data-widget_type=\"image.default\">\n\t\t\t\t\t\t\t\t\t<div class=\"elementor-image\">\n\t\t\t\t\t\t\t\t\t\t\t<div class=\"vamtam-image-wrapper\">\n\t\t\t\t\t\t\t\t\t\t\t\t\t\t\t\t\t\t\t\t\t<img fetchpriority=\"high\" decoding=\"async\" width=\"1536\" height=\"1034\" src=\"https:\/\/alturk.com\/wp-content\/uploads\/2025\/09\/Erdal-Alturk-1536x1034.webp\" class=\"attachment-1536x1536 size-1536x1536 wp-image-10476\" alt=\"Erdal Alt\u00fcrk\" srcset=\"https:\/\/alturk.com\/wp-content\/uploads\/2025\/09\/Erdal-Alturk-1536x1034.webp 1536w, https:\/\/alturk.com\/wp-content\/uploads\/2025\/09\/Erdal-Alturk-300x202.webp 300w, https:\/\/alturk.com\/wp-content\/uploads\/2025\/09\/Erdal-Alturk-1024x689.webp 1024w, https:\/\/alturk.com\/wp-content\/uploads\/2025\/09\/Erdal-Alturk-768x517.webp 768w, https:\/\/alturk.com\/wp-content\/uploads\/2025\/09\/Erdal-Alturk-2048x1378.webp 2048w\" sizes=\"(max-width: 1536px) 100vw, 1536px\" \/>\t\t\t\t\t\t\t\t\t\t\t\t\t\t\t\t\t\t\t\t\t\t\t\t\t\t<\/div>\n\t\t\t\t\t\t\t\t\t<\/div>\n\t\t\t\t\t\t\t\t<\/div>\n\t\t\t\t<\/div>\n\t\t<div class=\"elementor-element elementor-element-34dd7c70 e-con-full e-flex e-con e-child\" data-id=\"34dd7c70\" data-element_type=\"container\" data-e-type=\"container\" data-settings=\"{&quot;sticky&quot;:&quot;top&quot;,&quot;sticky_on&quot;:[&quot;desktop&quot;],&quot;sticky_offset&quot;:80,&quot;sticky_parent&quot;:&quot;yes&quot;,&quot;sticky_effects_offset&quot;:0,&quot;sticky_anchor_link_offset&quot;:0}\">\n\t\t\t\t<div class=\"elementor-element elementor-element-3c0a557 elementor-widget elementor-widget-text-editor\" data-id=\"3c0a557\" data-element_type=\"widget\" data-e-type=\"widget\" data-widget_type=\"text-editor.default\">\n\t\t\t\t\t\t\t\t\t<p>Alt\u00fcrk, \u00e7a\u011fda\u015f tasar\u0131m teknolojilerini ve \u00fcretim y\u00f6ntemlerini s\u00fcre\u00e7lerine entegre ederek projelerini fikir a\u015famas\u0131ndan in\u015fa s\u00fcrecine kadar b\u00fct\u00fcnsel bir bak\u0131\u015f a\u00e7\u0131s\u0131yla kurgular. Onun mimarl\u0131k anlay\u0131\u015f\u0131, yaln\u0131zca mek\u00e2nlar in\u015fa etmeyi de\u011fil, ayn\u0131 zamanda kullan\u0131c\u0131lar\u0131n belle\u011finde iz b\u0131rakan deneyimler yaratmay\u0131 hedefler.<\/p><p>Mimarl\u0131\u011f\u0131 insana de\u011fer katan ve ya\u015fam\u0131 d\u00f6n\u00fc\u015ft\u00fcren bir sorumluluk olarak g\u00f6ren Alt\u00fcrk; disiplinler aras\u0131 i\u015fbirli\u011fine a\u00e7\u0131k, yenilik\u00e7i ve vizyoner duru\u015fuyla mimari \u00fcretimlerini s\u00fcrekli olarak geli\u015ftirmektedir.<\/p><p>Erdal Alt\u00fcrk, evli ve \u00fc\u00e7 \u00e7ocuk babas\u0131d\u0131r. Mimari \u00e7al\u0131\u015fmalar\u0131n\u0131 \u0130stanbul merkezli s\u00fcrd\u00fcrmektedir.<\/p>\t\t\t\t\t\t\t\t<\/div>\n\t\t<div class=\"elementor-element elementor-element-5b7dd81 e-con-full elementor-hidden-desktop elementor-hidden-tablet elementor-hidden-mobile e-flex e-con e-child\" data-id=\"5b7dd81\" data-element_type=\"container\" data-e-type=\"container\">\n\t\t\t\t<div class=\"vamtam-has-theme-widget-styles elementor-element elementor-element-5290bf5 vamtam-has-underline-anim elementor-widget elementor-widget-button\" data-id=\"5290bf5\" data-element_type=\"widget\" data-e-type=\"widget\" data-widget_type=\"button.default\">\n\t\t\t\t\t\t\t\t\t\t<a class=\"elementor-button elementor-button-link elementor-size-sm\" href=\"https:\/\/www.instagram.com\/\" target=\"_blank\">\n\t\t\t\t\t\t<span class=\"elementor-button-content-wrapper\">\n\t\t\t\t\t\t\t\t\t<span class=\"elementor-button-text\">Instagram<\/span>\n\t\t\t\t\t<\/span>\n\t\t\t\t\t<\/a>\n\t\t\t\t\t\t\t\t<\/div>\n\t\t\t\t<div class=\"vamtam-has-theme-widget-styles elementor-element elementor-element-187d7dac vamtam-has-underline-anim elementor-widget elementor-widget-button\" data-id=\"187d7dac\" data-element_type=\"widget\" data-e-type=\"widget\" data-widget_type=\"button.default\">\n\t\t\t\t\t\t\t\t\t\t<a class=\"elementor-button elementor-button-link elementor-size-sm\" href=\"https:\/\/www.facebook.com\/\" target=\"_blank\">\n\t\t\t\t\t\t<span class=\"elementor-button-content-wrapper\">\n\t\t\t\t\t\t\t\t\t<span class=\"elementor-button-text\">Facebook<\/span>\n\t\t\t\t\t<\/span>\n\t\t\t\t\t<\/a>\n\t\t\t\t\t\t\t\t<\/div>\n\t\t\t\t<div class=\"vamtam-has-theme-widget-styles elementor-element elementor-element-4f396eb7 vamtam-has-underline-anim elementor-widget elementor-widget-button\" data-id=\"4f396eb7\" data-element_type=\"widget\" data-e-type=\"widget\" data-widget_type=\"button.default\">\n\t\t\t\t\t\t\t\t\t\t<a class=\"elementor-button elementor-button-link elementor-size-sm\" href=\"https:\/\/www.linkedin.com\/\" target=\"_blank\">\n\t\t\t\t\t\t<span class=\"elementor-button-content-wrapper\">\n\t\t\t\t\t\t\t\t\t<span class=\"elementor-button-text\">Linkedin<\/span>\n\t\t\t\t\t<\/span>\n\t\t\t\t\t<\/a>\n\t\t\t\t\t\t\t\t<\/div>\n\t\t\t\t<\/div>\n\t\t\t\t<\/div>\n\t\t\t\t\t<\/div>\n\t\t\t\t<\/div>\n\t\t\t\t<\/div>\n\t\t","protected":false},"excerpt":{"rendered":"<p>Erdal Alt\u00fcrk, mimarl\u0131\u011f\u0131 yaln\u0131zca bir yap\u0131 \u00fcretimi de\u011fil, insan ya\u015fam\u0131n\u0131 d\u00f6n\u00fc\u015ft\u00fcren bir deneyim olarak g\u00f6ren vizyoner bir mimard\u0131r. \u0130\u015flevsellik ve esteti\u011fi \u00e7a\u011fda\u015f mimarl\u0131k diliyle bulu\u015fturan yakla\u015f\u0131m\u0131, mek\u00e2nlar\u0131 hem ya\u015fanabilir hem de hat\u0131rlanabilir k\u0131lar. 2006 y\u0131l\u0131nda Erciyes \u00dcniversitesi Mimarl\u0131k Fak\u00fcltesi\u2019nden mezun olduktan sonra Kayseri\u2019de kurdu\u011fu Art &amp; Design Mimarl\u0131k ile mesleki yolculu\u011funa ba\u015flayan Alt\u00fcrk, 2010 y\u0131l\u0131nda&#8230;<\/p>\n","protected":false},"author":1,"featured_media":10476,"parent":1770,"menu_order":0,"comment_status":"closed","ping_status":"closed","template":"","meta":{"footnotes":""},"class_list":["post-1785","page","type-page","status-publish","has-post-thumbnail","hentry"],"yoast_head":"<!-- This site is optimized with the Yoast SEO plugin v27.0 - https:\/\/yoast.com\/product\/yoast-seo-wordpress\/ -->\n<title>Erdal Alt\u00fcrk - Alt\u00fcrk<\/title>\n<meta name=\"robots\" content=\"index, follow, max-snippet:-1, max-image-preview:large, max-video-preview:-1\" \/>\n<link rel=\"canonical\" href=\"https:\/\/alturk.com\/ekibimiz\/erdal-alturk\/\" \/>\n<meta property=\"og:locale\" content=\"tr_TR\" \/>\n<meta property=\"og:type\" content=\"article\" \/>\n<meta property=\"og:title\" content=\"Erdal Alt\u00fcrk - Alt\u00fcrk\" \/>\n<meta property=\"og:description\" content=\"Erdal Alt\u00fcrk, mimarl\u0131\u011f\u0131 yaln\u0131zca bir yap\u0131 \u00fcretimi de\u011fil, insan ya\u015fam\u0131n\u0131 d\u00f6n\u00fc\u015ft\u00fcren bir deneyim olarak g\u00f6ren vizyoner bir mimard\u0131r. \u0130\u015flevsellik ve esteti\u011fi \u00e7a\u011fda\u015f mimarl\u0131k diliyle bulu\u015fturan yakla\u015f\u0131m\u0131, mek\u00e2nlar\u0131 hem ya\u015fanabilir hem de hat\u0131rlanabilir k\u0131lar. 2006 y\u0131l\u0131nda Erciyes \u00dcniversitesi Mimarl\u0131k Fak\u00fcltesi\u2019nden mezun olduktan sonra Kayseri\u2019de kurdu\u011fu Art &amp; Design Mimarl\u0131k ile mesleki yolculu\u011funa ba\u015flayan Alt\u00fcrk, 2010 y\u0131l\u0131nda...\" \/>\n<meta property=\"og:url\" content=\"https:\/\/alturk.com\/ekibimiz\/erdal-alturk\/\" \/>\n<meta property=\"og:site_name\" content=\"Alt\u00fcrk\" \/>\n<meta property=\"article:modified_time\" content=\"2025-09-29T11:58:05+00:00\" \/>\n<meta property=\"og:image\" content=\"https:\/\/alturk.com\/wp-content\/uploads\/2025\/09\/Erdal-Alturk.webp\" \/>\n\t<meta property=\"og:image:width\" content=\"2560\" \/>\n\t<meta property=\"og:image:height\" content=\"1723\" \/>\n\t<meta property=\"og:image:type\" content=\"image\/webp\" \/>\n<meta name=\"twitter:card\" content=\"summary_large_image\" \/>\n<meta name=\"twitter:label1\" content=\"Tahmini okuma s\u00fcresi\" \/>\n\t<meta name=\"twitter:data1\" content=\"2 dakika\" \/>\n<script type=\"application\/ld+json\" class=\"yoast-schema-graph\">{\"@context\":\"https:\/\/schema.org\",\"@graph\":[{\"@type\":\"WebPage\",\"@id\":\"https:\/\/alturk.com\/ekibimiz\/erdal-alturk\/\",\"url\":\"https:\/\/alturk.com\/ekibimiz\/erdal-alturk\/\",\"name\":\"Erdal Alt\u00fcrk - Alt\u00fcrk\",\"isPartOf\":{\"@id\":\"https:\/\/alturk.com\/#website\"},\"primaryImageOfPage\":{\"@id\":\"https:\/\/alturk.com\/ekibimiz\/erdal-alturk\/#primaryimage\"},\"image\":{\"@id\":\"https:\/\/alturk.com\/ekibimiz\/erdal-alturk\/#primaryimage\"},\"thumbnailUrl\":\"https:\/\/alturk.com\/wp-content\/uploads\/2025\/09\/Erdal-Alturk.webp\",\"datePublished\":\"2025-09-28T10:00:29+00:00\",\"dateModified\":\"2025-09-29T11:58:05+00:00\",\"breadcrumb\":{\"@id\":\"https:\/\/alturk.com\/ekibimiz\/erdal-alturk\/#breadcrumb\"},\"inLanguage\":\"tr\",\"potentialAction\":[{\"@type\":\"ReadAction\",\"target\":[\"https:\/\/alturk.com\/ekibimiz\/erdal-alturk\/\"]}]},{\"@type\":\"ImageObject\",\"inLanguage\":\"tr\",\"@id\":\"https:\/\/alturk.com\/ekibimiz\/erdal-alturk\/#primaryimage\",\"url\":\"https:\/\/alturk.com\/wp-content\/uploads\/2025\/09\/Erdal-Alturk.webp\",\"contentUrl\":\"https:\/\/alturk.com\/wp-content\/uploads\/2025\/09\/Erdal-Alturk.webp\",\"width\":2560,\"height\":1723,\"caption\":\"Erdal Alt\u00fcrk\"},{\"@type\":\"BreadcrumbList\",\"@id\":\"https:\/\/alturk.com\/ekibimiz\/erdal-alturk\/#breadcrumb\",\"itemListElement\":[{\"@type\":\"ListItem\",\"position\":1,\"name\":\"Home\",\"item\":\"https:\/\/alturk.com\/en\/\"},{\"@type\":\"ListItem\",\"position\":2,\"name\":\"Ekibimiz\",\"item\":\"https:\/\/alturk.com\/ekibimiz\/\"},{\"@type\":\"ListItem\",\"position\":3,\"name\":\"Erdal Alt\u00fcrk\"}]},{\"@type\":\"WebSite\",\"@id\":\"https:\/\/alturk.com\/#website\",\"url\":\"https:\/\/alturk.com\/\",\"name\":\"Alt\u00fcrk\",\"description\":\"International Construction Group\",\"publisher\":{\"@id\":\"https:\/\/alturk.com\/#organization\"},\"potentialAction\":[{\"@type\":\"SearchAction\",\"target\":{\"@type\":\"EntryPoint\",\"urlTemplate\":\"https:\/\/alturk.com\/?s={search_term_string}\"},\"query-input\":{\"@type\":\"PropertyValueSpecification\",\"valueRequired\":true,\"valueName\":\"search_term_string\"}}],\"inLanguage\":\"tr\"},{\"@type\":\"Organization\",\"@id\":\"https:\/\/alturk.com\/#organization\",\"name\":\"Alt\u00fcrk\",\"url\":\"https:\/\/alturk.com\/\",\"logo\":{\"@type\":\"ImageObject\",\"inLanguage\":\"tr\",\"@id\":\"https:\/\/alturk.com\/#\/schema\/logo\/image\/\",\"url\":\"https:\/\/alturk.com\/wp-content\/uploads\/2025\/06\/Alturk_Logo.svg\",\"contentUrl\":\"https:\/\/alturk.com\/wp-content\/uploads\/2025\/06\/Alturk_Logo.svg\",\"caption\":\"Alt\u00fcrk\"},\"image\":{\"@id\":\"https:\/\/alturk.com\/#\/schema\/logo\/image\/\"}}]}<\/script>\n<!-- \/ Yoast SEO plugin. -->","yoast_head_json":{"title":"Erdal Alt\u00fcrk - Alt\u00fcrk","robots":{"index":"index","follow":"follow","max-snippet":"max-snippet:-1","max-image-preview":"max-image-preview:large","max-video-preview":"max-video-preview:-1"},"canonical":"https:\/\/alturk.com\/ekibimiz\/erdal-alturk\/","og_locale":"tr_TR","og_type":"article","og_title":"Erdal Alt\u00fcrk - Alt\u00fcrk","og_description":"Erdal Alt\u00fcrk, mimarl\u0131\u011f\u0131 yaln\u0131zca bir yap\u0131 \u00fcretimi de\u011fil, insan ya\u015fam\u0131n\u0131 d\u00f6n\u00fc\u015ft\u00fcren bir deneyim olarak g\u00f6ren vizyoner bir mimard\u0131r. \u0130\u015flevsellik ve esteti\u011fi \u00e7a\u011fda\u015f mimarl\u0131k diliyle bulu\u015fturan yakla\u015f\u0131m\u0131, mek\u00e2nlar\u0131 hem ya\u015fanabilir hem de hat\u0131rlanabilir k\u0131lar. 2006 y\u0131l\u0131nda Erciyes \u00dcniversitesi Mimarl\u0131k Fak\u00fcltesi\u2019nden mezun olduktan sonra Kayseri\u2019de kurdu\u011fu Art &amp; Design Mimarl\u0131k ile mesleki yolculu\u011funa ba\u015flayan Alt\u00fcrk, 2010 y\u0131l\u0131nda...","og_url":"https:\/\/alturk.com\/ekibimiz\/erdal-alturk\/","og_site_name":"Alt\u00fcrk","article_modified_time":"2025-09-29T11:58:05+00:00","og_image":[{"width":2560,"height":1723,"url":"https:\/\/alturk.com\/wp-content\/uploads\/2025\/09\/Erdal-Alturk.webp","type":"image\/webp"}],"twitter_card":"summary_large_image","twitter_misc":{"Tahmini okuma s\u00fcresi":"2 dakika"},"schema":{"@context":"https:\/\/schema.org","@graph":[{"@type":"WebPage","@id":"https:\/\/alturk.com\/ekibimiz\/erdal-alturk\/","url":"https:\/\/alturk.com\/ekibimiz\/erdal-alturk\/","name":"Erdal Alt\u00fcrk - Alt\u00fcrk","isPartOf":{"@id":"https:\/\/alturk.com\/#website"},"primaryImageOfPage":{"@id":"https:\/\/alturk.com\/ekibimiz\/erdal-alturk\/#primaryimage"},"image":{"@id":"https:\/\/alturk.com\/ekibimiz\/erdal-alturk\/#primaryimage"},"thumbnailUrl":"https:\/\/alturk.com\/wp-content\/uploads\/2025\/09\/Erdal-Alturk.webp","datePublished":"2025-09-28T10:00:29+00:00","dateModified":"2025-09-29T11:58:05+00:00","breadcrumb":{"@id":"https:\/\/alturk.com\/ekibimiz\/erdal-alturk\/#breadcrumb"},"inLanguage":"tr","potentialAction":[{"@type":"ReadAction","target":["https:\/\/alturk.com\/ekibimiz\/erdal-alturk\/"]}]},{"@type":"ImageObject","inLanguage":"tr","@id":"https:\/\/alturk.com\/ekibimiz\/erdal-alturk\/#primaryimage","url":"https:\/\/alturk.com\/wp-content\/uploads\/2025\/09\/Erdal-Alturk.webp","contentUrl":"https:\/\/alturk.com\/wp-content\/uploads\/2025\/09\/Erdal-Alturk.webp","width":2560,"height":1723,"caption":"Erdal Alt\u00fcrk"},{"@type":"BreadcrumbList","@id":"https:\/\/alturk.com\/ekibimiz\/erdal-alturk\/#breadcrumb","itemListElement":[{"@type":"ListItem","position":1,"name":"Home","item":"https:\/\/alturk.com\/en\/"},{"@type":"ListItem","position":2,"name":"Ekibimiz","item":"https:\/\/alturk.com\/ekibimiz\/"},{"@type":"ListItem","position":3,"name":"Erdal Alt\u00fcrk"}]},{"@type":"WebSite","@id":"https:\/\/alturk.com\/#website","url":"https:\/\/alturk.com\/","name":"Alt\u00fcrk","description":"International Construction Group","publisher":{"@id":"https:\/\/alturk.com\/#organization"},"potentialAction":[{"@type":"SearchAction","target":{"@type":"EntryPoint","urlTemplate":"https:\/\/alturk.com\/?s={search_term_string}"},"query-input":{"@type":"PropertyValueSpecification","valueRequired":true,"valueName":"search_term_string"}}],"inLanguage":"tr"},{"@type":"Organization","@id":"https:\/\/alturk.com\/#organization","name":"Alt\u00fcrk","url":"https:\/\/alturk.com\/","logo":{"@type":"ImageObject","inLanguage":"tr","@id":"https:\/\/alturk.com\/#\/schema\/logo\/image\/","url":"https:\/\/alturk.com\/wp-content\/uploads\/2025\/06\/Alturk_Logo.svg","contentUrl":"https:\/\/alturk.com\/wp-content\/uploads\/2025\/06\/Alturk_Logo.svg","caption":"Alt\u00fcrk"},"image":{"@id":"https:\/\/alturk.com\/#\/schema\/logo\/image\/"}}]}},"_links":{"self":[{"href":"https:\/\/alturk.com\/tr\/wp-json\/wp\/v2\/pages\/1785","targetHints":{"allow":["GET"]}}],"collection":[{"href":"https:\/\/alturk.com\/tr\/wp-json\/wp\/v2\/pages"}],"about":[{"href":"https:\/\/alturk.com\/tr\/wp-json\/wp\/v2\/types\/page"}],"author":[{"embeddable":true,"href":"https:\/\/alturk.com\/tr\/wp-json\/wp\/v2\/users\/1"}],"replies":[{"embeddable":true,"href":"https:\/\/alturk.com\/tr\/wp-json\/wp\/v2\/comments?post=1785"}],"version-history":[{"count":13,"href":"https:\/\/alturk.com\/tr\/wp-json\/wp\/v2\/pages\/1785\/revisions"}],"predecessor-version":[{"id":14689,"href":"https:\/\/alturk.com\/tr\/wp-json\/wp\/v2\/pages\/1785\/revisions\/14689"}],"up":[{"embeddable":true,"href":"https:\/\/alturk.com\/tr\/wp-json\/wp\/v2\/pages\/1770"}],"wp:featuredmedia":[{"embeddable":true,"href":"https:\/\/alturk.com\/tr\/wp-json\/wp\/v2\/media\/10476"}],"wp:attachment":[{"href":"https:\/\/alturk.com\/tr\/wp-json\/wp\/v2\/media?parent=1785"}],"curies":[{"name":"wp","href":"https:\/\/api.w.org\/{rel}","templated":true}]}}