{"id":1772,"date":"2025-09-28T16:00:18","date_gmt":"2025-09-28T13:00:18","guid":{"rendered":"https:\/\/minnaro.vamtam.com\/?page_id=1772"},"modified":"2025-09-29T14:56:52","modified_gmt":"2025-09-29T11:56:52","slug":"dogukan-hatiboglu","status":"publish","type":"page","link":"https:\/\/alturk.com\/tr\/ekibimiz\/dogukan-hatiboglu\/","title":{"rendered":"Do\u011fukan Hatibo\u011flu"},"content":{"rendered":"\t\t<div data-elementor-type=\"wp-page\" data-elementor-id=\"1772\" class=\"elementor elementor-1772\" data-elementor-post-type=\"page\">\n\t\t\t\t<div class=\"elementor-element elementor-element-4cc74a75 e-flex e-con-boxed e-con e-parent\" data-id=\"4cc74a75\" data-element_type=\"container\" data-e-type=\"container\" data-settings=\"{&quot;background_background&quot;:&quot;classic&quot;}\">\n\t\t\t\t\t<div class=\"e-con-inner\">\n\t\t<div class=\"elementor-element elementor-element-73ff031 e-con-full e-flex e-con e-child\" data-id=\"73ff031\" data-element_type=\"container\" data-e-type=\"container\">\n\t\t<div class=\"elementor-element elementor-element-260ba3f8 e-con-full e-flex e-con e-child\" data-id=\"260ba3f8\" data-element_type=\"container\" data-e-type=\"container\">\n\t\t\t\t<div class=\"elementor-element elementor-element-3fb8108a elementor-widget elementor-widget-heading\" data-id=\"3fb8108a\" data-element_type=\"widget\" data-e-type=\"widget\" data-widget_type=\"heading.default\">\n\t\t\t\t\t<h6 class=\"elementor-heading-title elementor-size-default\">\u0130\u00e7 Mimar<\/h6>\t\t\t\t<\/div>\n\t\t\t\t<div class=\"elementor-element elementor-element-2159631 elementor-widget__width-initial elementor-widget-mobile__width-inherit elementor-widget elementor-widget-theme-post-title elementor-page-title elementor-widget-heading\" data-id=\"2159631\" data-element_type=\"widget\" data-e-type=\"widget\" data-widget_type=\"theme-post-title.default\">\n\t\t\t\t\t<h1 class=\"elementor-heading-title elementor-size-default\">Do\u011fukan Hatibo\u011flu<\/h1>\t\t\t\t<\/div>\n\t\t\t\t<div class=\"elementor-element elementor-element-7a6f277e elementor-hidden-desktop elementor-hidden-tablet elementor-hidden-mobile elementor-widget elementor-widget-text-editor\" data-id=\"7a6f277e\" data-element_type=\"widget\" data-e-type=\"widget\" data-widget_type=\"text-editor.default\">\n\t\t\t\t\t\t\t\t\t<p>Jack McLoren is the visionary force behind Minnaro, an interior design studio known for its refined aesthetic, thoughtful craftsmanship, and emotionally resonant spaces. With a background in textile and product design and a deep understanding of architectural form, Jack brings a unique, holistic approach to each project\u2014where interiors are not just designed, but deeply considered and curated.<\/p><p>Driven by a passion for quiet luxury and timeless design, Jack blends elegance with functionality, drawing inspiration from natural materials, subtle palettes, and the stories of the people who inhabit each space. His meticulous eye for detail and intuitive understanding of how people live have made Minnaro a trusted studio for discerning clients seeking spaces that feel both sophisticated and soulful.`<\/p>\t\t\t\t\t\t\t\t<\/div>\n\t\t\t\t<\/div>\n\t\t\t\t<div class=\"vamtam-has-theme-widget-styles elementor-element elementor-element-331d4ea1 vamtam-has-underline-anim elementor-widget elementor-widget-button\" data-id=\"331d4ea1\" data-element_type=\"widget\" data-e-type=\"widget\" data-widget_type=\"button.default\">\n\t\t\t\t\t\t\t\t\t\t<a class=\"elementor-button elementor-button-link elementor-size-sm\" href=\"mailto:dogukan@alturk.com?subject=Hello\">\n\t\t\t\t\t\t<span class=\"elementor-button-content-wrapper\">\n\t\t\t\t\t\t\t\t\t<span class=\"elementor-button-text\">dogukan@alturk.com<\/span>\n\t\t\t\t\t<\/span>\n\t\t\t\t\t<\/a>\n\t\t\t\t\t\t\t\t<\/div>\n\t\t\t\t<\/div>\n\t\t<div class=\"elementor-element elementor-element-54fa0c48 e-con-full e-flex e-con e-child\" data-id=\"54fa0c48\" data-element_type=\"container\" data-e-type=\"container\" data-settings=\"{&quot;background_background&quot;:&quot;classic&quot;,&quot;sticky&quot;:&quot;top&quot;,&quot;sticky_offset&quot;:80,&quot;sticky_parent&quot;:&quot;yes&quot;,&quot;sticky_on&quot;:[&quot;desktop&quot;],&quot;sticky_effects_offset&quot;:0,&quot;sticky_anchor_link_offset&quot;:0}\">\n\t\t\t\t<div class=\"vamtam-has-theme-widget-styles elementor-element elementor-element-655971ef elementor-invisible animated-fast elementor-widget elementor-widget-image\" data-id=\"655971ef\" data-element_type=\"widget\" data-e-type=\"widget\" data-settings=\"{&quot;_animation&quot;:&quot;imageGrowWithScaleLeft&quot;}\" data-widget_type=\"image.default\">\n\t\t\t\t\t\t\t\t\t<div class=\"elementor-image\">\n\t\t\t\t\t\t\t\t\t\t\t<div class=\"vamtam-image-wrapper\">\n\t\t\t\t\t\t\t\t\t\t\t\t\t\t\t\t\t\t\t\t\t<img fetchpriority=\"high\" decoding=\"async\" width=\"1536\" height=\"1024\" src=\"https:\/\/alturk.com\/wp-content\/uploads\/2025\/09\/Dogukan-Hatiboglu-1536x1024.webp\" class=\"attachment-1536x1536 size-1536x1536 wp-image-10491\" alt=\"Do\u011fukan Hatibo\u011flu\" srcset=\"https:\/\/alturk.com\/wp-content\/uploads\/2025\/09\/Dogukan-Hatiboglu-1536x1024.webp 1536w, https:\/\/alturk.com\/wp-content\/uploads\/2025\/09\/Dogukan-Hatiboglu-300x200.webp 300w, https:\/\/alturk.com\/wp-content\/uploads\/2025\/09\/Dogukan-Hatiboglu-1024x683.webp 1024w, https:\/\/alturk.com\/wp-content\/uploads\/2025\/09\/Dogukan-Hatiboglu-768x512.webp 768w, https:\/\/alturk.com\/wp-content\/uploads\/2025\/09\/Dogukan-Hatiboglu-2048x1366.webp 2048w\" sizes=\"(max-width: 1536px) 100vw, 1536px\" \/>\t\t\t\t\t\t\t\t\t\t\t\t\t\t\t\t\t\t\t\t\t\t\t\t\t\t<\/div>\n\t\t\t\t\t\t\t\t\t<\/div>\n\t\t\t\t\t\t\t\t<\/div>\n\t\t\t\t<\/div>\n\t\t\t\t\t<\/div>\n\t\t\t\t<\/div>\n\t\t\t\t<\/div>\n\t\t","protected":false},"excerpt":{"rendered":"<p>Jack McLoren is the visionary force behind Minnaro, an interior design studio known for its refined aesthetic, thoughtful craftsmanship, and emotionally resonant spaces. With a background in textile and product design and a deep understanding of architectural form, Jack brings a unique, holistic approach to each project\u2014where interiors are not just designed, but deeply considered&#8230;<\/p>\n","protected":false},"author":1,"featured_media":10491,"parent":1770,"menu_order":0,"comment_status":"closed","ping_status":"closed","template":"","meta":{"footnotes":""},"class_list":["post-1772","page","type-page","status-publish","has-post-thumbnail","hentry"],"yoast_head":"<!-- This site is optimized with the Yoast SEO plugin v27.0 - https:\/\/yoast.com\/product\/yoast-seo-wordpress\/ -->\n<title>Do\u011fukan Hatibo\u011flu - Alt\u00fcrk<\/title>\n<meta name=\"robots\" content=\"index, follow, max-snippet:-1, max-image-preview:large, max-video-preview:-1\" \/>\n<link rel=\"canonical\" href=\"https:\/\/alturk.com\/our-team\/dogukan-hatiboglu\/\" \/>\n<meta property=\"og:locale\" content=\"tr_TR\" \/>\n<meta property=\"og:type\" content=\"article\" \/>\n<meta property=\"og:title\" content=\"Do\u011fukan Hatibo\u011flu - Alt\u00fcrk\" \/>\n<meta property=\"og:description\" content=\"Jack McLoren is the visionary force behind Minnaro, an interior design studio known for its refined aesthetic, thoughtful craftsmanship, and emotionally resonant spaces. With a background in textile and product design and a deep understanding of architectural form, Jack brings a unique, holistic approach to each project\u2014where interiors are not just designed, but deeply considered...\" \/>\n<meta property=\"og:url\" content=\"https:\/\/alturk.com\/our-team\/dogukan-hatiboglu\/\" \/>\n<meta property=\"og:site_name\" content=\"Alt\u00fcrk\" \/>\n<meta property=\"article:modified_time\" content=\"2025-09-29T11:56:52+00:00\" \/>\n<meta property=\"og:image\" content=\"https:\/\/alturk.com\/wp-content\/uploads\/2025\/09\/Dogukan-Hatiboglu.webp\" \/>\n\t<meta property=\"og:image:width\" content=\"2560\" \/>\n\t<meta property=\"og:image:height\" content=\"1707\" \/>\n\t<meta property=\"og:image:type\" content=\"image\/webp\" \/>\n<meta name=\"twitter:card\" content=\"summary_large_image\" \/>\n<meta name=\"twitter:label1\" content=\"Tahmini okuma s\u00fcresi\" \/>\n\t<meta name=\"twitter:data1\" content=\"1 dakika\" \/>\n<script type=\"application\/ld+json\" class=\"yoast-schema-graph\">{\"@context\":\"https:\/\/schema.org\",\"@graph\":[{\"@type\":\"WebPage\",\"@id\":\"https:\/\/alturk.com\/our-team\/dogukan-hatiboglu\/\",\"url\":\"https:\/\/alturk.com\/our-team\/dogukan-hatiboglu\/\",\"name\":\"Do\u011fukan Hatibo\u011flu - Alt\u00fcrk\",\"isPartOf\":{\"@id\":\"https:\/\/alturk.com\/#website\"},\"primaryImageOfPage\":{\"@id\":\"https:\/\/alturk.com\/our-team\/dogukan-hatiboglu\/#primaryimage\"},\"image\":{\"@id\":\"https:\/\/alturk.com\/our-team\/dogukan-hatiboglu\/#primaryimage\"},\"thumbnailUrl\":\"https:\/\/alturk.com\/wp-content\/uploads\/2025\/09\/Dogukan-Hatiboglu.webp\",\"datePublished\":\"2025-09-28T13:00:18+00:00\",\"dateModified\":\"2025-09-29T11:56:52+00:00\",\"breadcrumb\":{\"@id\":\"https:\/\/alturk.com\/our-team\/dogukan-hatiboglu\/#breadcrumb\"},\"inLanguage\":\"tr\",\"potentialAction\":[{\"@type\":\"ReadAction\",\"target\":[\"https:\/\/alturk.com\/our-team\/dogukan-hatiboglu\/\"]}]},{\"@type\":\"ImageObject\",\"inLanguage\":\"tr\",\"@id\":\"https:\/\/alturk.com\/our-team\/dogukan-hatiboglu\/#primaryimage\",\"url\":\"https:\/\/alturk.com\/wp-content\/uploads\/2025\/09\/Dogukan-Hatiboglu.webp\",\"contentUrl\":\"https:\/\/alturk.com\/wp-content\/uploads\/2025\/09\/Dogukan-Hatiboglu.webp\",\"width\":2560,\"height\":1707,\"caption\":\"Do\u011fukan Hatibo\u011flu\"},{\"@type\":\"BreadcrumbList\",\"@id\":\"https:\/\/alturk.com\/our-team\/dogukan-hatiboglu\/#breadcrumb\",\"itemListElement\":[{\"@type\":\"ListItem\",\"position\":1,\"name\":\"Home\",\"item\":\"https:\/\/alturk.com\/en\/\"},{\"@type\":\"ListItem\",\"position\":2,\"name\":\"Ekibimiz\",\"item\":\"https:\/\/alturk.com\/our-team\/\"},{\"@type\":\"ListItem\",\"position\":3,\"name\":\"Do\u011fukan Hatibo\u011flu\"}]},{\"@type\":\"WebSite\",\"@id\":\"https:\/\/alturk.com\/#website\",\"url\":\"https:\/\/alturk.com\/\",\"name\":\"Alt\u00fcrk\",\"description\":\"International Construction Group\",\"publisher\":{\"@id\":\"https:\/\/alturk.com\/#organization\"},\"potentialAction\":[{\"@type\":\"SearchAction\",\"target\":{\"@type\":\"EntryPoint\",\"urlTemplate\":\"https:\/\/alturk.com\/?s={search_term_string}\"},\"query-input\":{\"@type\":\"PropertyValueSpecification\",\"valueRequired\":true,\"valueName\":\"search_term_string\"}}],\"inLanguage\":\"tr\"},{\"@type\":\"Organization\",\"@id\":\"https:\/\/alturk.com\/#organization\",\"name\":\"Alt\u00fcrk\",\"url\":\"https:\/\/alturk.com\/\",\"logo\":{\"@type\":\"ImageObject\",\"inLanguage\":\"tr\",\"@id\":\"https:\/\/alturk.com\/#\/schema\/logo\/image\/\",\"url\":\"https:\/\/alturk.com\/wp-content\/uploads\/2025\/06\/Alturk_Logo.svg\",\"contentUrl\":\"https:\/\/alturk.com\/wp-content\/uploads\/2025\/06\/Alturk_Logo.svg\",\"caption\":\"Alt\u00fcrk\"},\"image\":{\"@id\":\"https:\/\/alturk.com\/#\/schema\/logo\/image\/\"}}]}<\/script>\n<!-- \/ Yoast SEO plugin. -->","yoast_head_json":{"title":"Do\u011fukan Hatibo\u011flu - Alt\u00fcrk","robots":{"index":"index","follow":"follow","max-snippet":"max-snippet:-1","max-image-preview":"max-image-preview:large","max-video-preview":"max-video-preview:-1"},"canonical":"https:\/\/alturk.com\/our-team\/dogukan-hatiboglu\/","og_locale":"tr_TR","og_type":"article","og_title":"Do\u011fukan Hatibo\u011flu - Alt\u00fcrk","og_description":"Jack McLoren is the visionary force behind Minnaro, an interior design studio known for its refined aesthetic, thoughtful craftsmanship, and emotionally resonant spaces. With a background in textile and product design and a deep understanding of architectural form, Jack brings a unique, holistic approach to each project\u2014where interiors are not just designed, but deeply considered...","og_url":"https:\/\/alturk.com\/our-team\/dogukan-hatiboglu\/","og_site_name":"Alt\u00fcrk","article_modified_time":"2025-09-29T11:56:52+00:00","og_image":[{"width":2560,"height":1707,"url":"https:\/\/alturk.com\/wp-content\/uploads\/2025\/09\/Dogukan-Hatiboglu.webp","type":"image\/webp"}],"twitter_card":"summary_large_image","twitter_misc":{"Tahmini okuma s\u00fcresi":"1 dakika"},"schema":{"@context":"https:\/\/schema.org","@graph":[{"@type":"WebPage","@id":"https:\/\/alturk.com\/our-team\/dogukan-hatiboglu\/","url":"https:\/\/alturk.com\/our-team\/dogukan-hatiboglu\/","name":"Do\u011fukan Hatibo\u011flu - Alt\u00fcrk","isPartOf":{"@id":"https:\/\/alturk.com\/#website"},"primaryImageOfPage":{"@id":"https:\/\/alturk.com\/our-team\/dogukan-hatiboglu\/#primaryimage"},"image":{"@id":"https:\/\/alturk.com\/our-team\/dogukan-hatiboglu\/#primaryimage"},"thumbnailUrl":"https:\/\/alturk.com\/wp-content\/uploads\/2025\/09\/Dogukan-Hatiboglu.webp","datePublished":"2025-09-28T13:00:18+00:00","dateModified":"2025-09-29T11:56:52+00:00","breadcrumb":{"@id":"https:\/\/alturk.com\/our-team\/dogukan-hatiboglu\/#breadcrumb"},"inLanguage":"tr","potentialAction":[{"@type":"ReadAction","target":["https:\/\/alturk.com\/our-team\/dogukan-hatiboglu\/"]}]},{"@type":"ImageObject","inLanguage":"tr","@id":"https:\/\/alturk.com\/our-team\/dogukan-hatiboglu\/#primaryimage","url":"https:\/\/alturk.com\/wp-content\/uploads\/2025\/09\/Dogukan-Hatiboglu.webp","contentUrl":"https:\/\/alturk.com\/wp-content\/uploads\/2025\/09\/Dogukan-Hatiboglu.webp","width":2560,"height":1707,"caption":"Do\u011fukan Hatibo\u011flu"},{"@type":"BreadcrumbList","@id":"https:\/\/alturk.com\/our-team\/dogukan-hatiboglu\/#breadcrumb","itemListElement":[{"@type":"ListItem","position":1,"name":"Home","item":"https:\/\/alturk.com\/en\/"},{"@type":"ListItem","position":2,"name":"Ekibimiz","item":"https:\/\/alturk.com\/our-team\/"},{"@type":"ListItem","position":3,"name":"Do\u011fukan Hatibo\u011flu"}]},{"@type":"WebSite","@id":"https:\/\/alturk.com\/#website","url":"https:\/\/alturk.com\/","name":"Alt\u00fcrk","description":"International Construction Group","publisher":{"@id":"https:\/\/alturk.com\/#organization"},"potentialAction":[{"@type":"SearchAction","target":{"@type":"EntryPoint","urlTemplate":"https:\/\/alturk.com\/?s={search_term_string}"},"query-input":{"@type":"PropertyValueSpecification","valueRequired":true,"valueName":"search_term_string"}}],"inLanguage":"tr"},{"@type":"Organization","@id":"https:\/\/alturk.com\/#organization","name":"Alt\u00fcrk","url":"https:\/\/alturk.com\/","logo":{"@type":"ImageObject","inLanguage":"tr","@id":"https:\/\/alturk.com\/#\/schema\/logo\/image\/","url":"https:\/\/alturk.com\/wp-content\/uploads\/2025\/06\/Alturk_Logo.svg","contentUrl":"https:\/\/alturk.com\/wp-content\/uploads\/2025\/06\/Alturk_Logo.svg","caption":"Alt\u00fcrk"},"image":{"@id":"https:\/\/alturk.com\/#\/schema\/logo\/image\/"}}]}},"_links":{"self":[{"href":"https:\/\/alturk.com\/tr\/wp-json\/wp\/v2\/pages\/1772","targetHints":{"allow":["GET"]}}],"collection":[{"href":"https:\/\/alturk.com\/tr\/wp-json\/wp\/v2\/pages"}],"about":[{"href":"https:\/\/alturk.com\/tr\/wp-json\/wp\/v2\/types\/page"}],"author":[{"embeddable":true,"href":"https:\/\/alturk.com\/tr\/wp-json\/wp\/v2\/users\/1"}],"replies":[{"embeddable":true,"href":"https:\/\/alturk.com\/tr\/wp-json\/wp\/v2\/comments?post=1772"}],"version-history":[{"count":16,"href":"https:\/\/alturk.com\/tr\/wp-json\/wp\/v2\/pages\/1772\/revisions"}],"predecessor-version":[{"id":14671,"href":"https:\/\/alturk.com\/tr\/wp-json\/wp\/v2\/pages\/1772\/revisions\/14671"}],"up":[{"embeddable":true,"href":"https:\/\/alturk.com\/tr\/wp-json\/wp\/v2\/pages\/1770"}],"wp:featuredmedia":[{"embeddable":true,"href":"https:\/\/alturk.com\/tr\/wp-json\/wp\/v2\/media\/10491"}],"wp:attachment":[{"href":"https:\/\/alturk.com\/tr\/wp-json\/wp\/v2\/media?parent=1772"}],"curies":[{"name":"wp","href":"https:\/\/api.w.org\/{rel}","templated":true}]}}